{"id":2752,"date":"2019-02-07T11:30:50","date_gmt":"2019-02-07T14:30:50","guid":{"rendered":"http:\/\/promoalge.com.br\/?post_type=product&#038;p=2752"},"modified":"2019-02-07T11:35:09","modified_gmt":"2019-02-07T14:35:09","slug":"kit-banho-4-pecas-pr13091","status":"publish","type":"product","link":"https:\/\/promoalge.com.br\/?product=kit-banho-4-pecas-pr13091","title":{"rendered":"Kit Banho 4 pe\u00e7as &#8211; PR13091"},"content":{"rendered":"","protected":false},"excerpt":{"rendered":"<p>Kit banho ecol\u00f3gico 4 pe\u00e7as, embalagem saco de Juta com visor pl\u00e1stico. Possui esponja para banho com al\u00e7a, espelho de madeira, pedra pome com al\u00e7a de cord\u00e3o e bucha massageadora com al\u00e7a. Grava\u00e7\u00e3o serigrafia em 1 cor.<\/p>\n","protected":false},"featured_media":2753,"template":"","meta":[],"product_brand":[],"product_cat":[321,413],"product_tag":[],"class_list":{"0":"post-2752","1":"product","2":"type-product","3":"status-publish","4":"has-post-thumbnail","6":"product_cat-linha-ecologica","7":"product_cat-linha-feminina","9":"first","10":"instock","11":"shipping-taxable","12":"product-type-simple"},"_links":{"self":[{"href":"https:\/\/promoalge.com.br\/index.php?rest_route=\/wp\/v2\/product\/2752","targetHints":{"allow":["GET"]}}],"collection":[{"href":"https:\/\/promoalge.com.br\/index.php?rest_route=\/wp\/v2\/product"}],"about":[{"href":"https:\/\/promoalge.com.br\/index.php?rest_route=\/wp\/v2\/types\/product"}],"wp:featuredmedia":[{"embeddable":true,"href":"https:\/\/promoalge.com.br\/index.php?rest_route=\/wp\/v2\/media\/2753"}],"wp:attachment":[{"href":"https:\/\/promoalge.com.br\/index.php?rest_route=%2Fwp%2Fv2%2Fmedia&parent=2752"}],"wp:term":[{"taxonomy":"product_brand","embeddable":true,"href":"https:\/\/promoalge.com.br\/index.php?rest_route=%2Fwp%2Fv2%2Fproduct_brand&post=2752"},{"taxonomy":"product_cat","embeddable":true,"href":"https:\/\/promoalge.com.br\/index.php?rest_route=%2Fwp%2Fv2%2Fproduct_cat&post=2752"},{"taxonomy":"product_tag","embeddable":true,"href":"https:\/\/promoalge.com.br\/index.php?rest_route=%2Fwp%2Fv2%2Fproduct_tag&post=2752"}],"curies":[{"name":"wp","href":"https:\/\/api.w.org\/{rel}","templated":true}]}}