{"id":2756,"date":"2019-02-07T11:34:24","date_gmt":"2019-02-07T14:34:24","guid":{"rendered":"http:\/\/promoalge.com.br\/?post_type=product&#038;p=2756"},"modified":"2019-02-07T11:34:24","modified_gmt":"2019-02-07T14:34:24","slug":"kit-banho-7-pecas-pr12340","status":"publish","type":"product","link":"https:\/\/promoalge.com.br\/?product=kit-banho-7-pecas-pr12340","title":{"rendered":"Kit Banho 7 pe\u00e7as &#8211; PR12340"},"content":{"rendered":"","protected":false},"excerpt":{"rendered":"<p>Kit banho de madeira com 7 pe\u00e7as. Possui: espelho, escova de cabelo, esponja de banho, bucha de banho, massageador, pente e escova com pedra pomes. Acompanha balde com al\u00e7a e pegador de madeira. Grava\u00e7\u00e3o a laser.<\/p>\n","protected":false},"featured_media":2758,"template":"","meta":[],"product_brand":[],"product_cat":[321,413],"product_tag":[],"class_list":{"0":"post-2756","1":"product","2":"type-product","3":"status-publish","4":"has-post-thumbnail","6":"product_cat-linha-ecologica","7":"product_cat-linha-feminina","9":"first","10":"instock","11":"shipping-taxable","12":"product-type-simple"},"_links":{"self":[{"href":"https:\/\/promoalge.com.br\/index.php?rest_route=\/wp\/v2\/product\/2756","targetHints":{"allow":["GET"]}}],"collection":[{"href":"https:\/\/promoalge.com.br\/index.php?rest_route=\/wp\/v2\/product"}],"about":[{"href":"https:\/\/promoalge.com.br\/index.php?rest_route=\/wp\/v2\/types\/product"}],"wp:featuredmedia":[{"embeddable":true,"href":"https:\/\/promoalge.com.br\/index.php?rest_route=\/wp\/v2\/media\/2758"}],"wp:attachment":[{"href":"https:\/\/promoalge.com.br\/index.php?rest_route=%2Fwp%2Fv2%2Fmedia&parent=2756"}],"wp:term":[{"taxonomy":"product_brand","embeddable":true,"href":"https:\/\/promoalge.com.br\/index.php?rest_route=%2Fwp%2Fv2%2Fproduct_brand&post=2756"},{"taxonomy":"product_cat","embeddable":true,"href":"https:\/\/promoalge.com.br\/index.php?rest_route=%2Fwp%2Fv2%2Fproduct_cat&post=2756"},{"taxonomy":"product_tag","embeddable":true,"href":"https:\/\/promoalge.com.br\/index.php?rest_route=%2Fwp%2Fv2%2Fproduct_tag&post=2756"}],"curies":[{"name":"wp","href":"https:\/\/api.w.org\/{rel}","templated":true}]}}