{"id":2764,"date":"2019-02-07T11:49:13","date_gmt":"2019-02-07T14:49:13","guid":{"rendered":"http:\/\/promoalge.com.br\/?post_type=product&#038;p=2764"},"modified":"2019-02-07T11:49:13","modified_gmt":"2019-02-07T14:49:13","slug":"kit-banho-4-pecas-prcz3004est","status":"publish","type":"product","link":"https:\/\/promoalge.com.br\/?product=kit-banho-4-pecas-prcz3004est","title":{"rendered":"Kit Banho 4 Pe\u00e7as &#8211; PRCZ3004EST"},"content":{"rendered":"","protected":false},"excerpt":{"rendered":"<p>Kit com acess\u00f3rios para banho com 4 pe\u00e7as, e cesto de madeira. Grava\u00e7\u00e3o a laser.<\/p>\n","protected":false},"featured_media":2765,"template":"","meta":[],"product_brand":[],"product_cat":[321,413],"product_tag":[],"class_list":{"0":"post-2764","1":"product","2":"type-product","3":"status-publish","4":"has-post-thumbnail","6":"product_cat-linha-ecologica","7":"product_cat-linha-feminina","9":"first","10":"instock","11":"shipping-taxable","12":"product-type-simple"},"_links":{"self":[{"href":"https:\/\/promoalge.com.br\/index.php?rest_route=\/wp\/v2\/product\/2764","targetHints":{"allow":["GET"]}}],"collection":[{"href":"https:\/\/promoalge.com.br\/index.php?rest_route=\/wp\/v2\/product"}],"about":[{"href":"https:\/\/promoalge.com.br\/index.php?rest_route=\/wp\/v2\/types\/product"}],"wp:featuredmedia":[{"embeddable":true,"href":"https:\/\/promoalge.com.br\/index.php?rest_route=\/wp\/v2\/media\/2765"}],"wp:attachment":[{"href":"https:\/\/promoalge.com.br\/index.php?rest_route=%2Fwp%2Fv2%2Fmedia&parent=2764"}],"wp:term":[{"taxonomy":"product_brand","embeddable":true,"href":"https:\/\/promoalge.com.br\/index.php?rest_route=%2Fwp%2Fv2%2Fproduct_brand&post=2764"},{"taxonomy":"product_cat","embeddable":true,"href":"https:\/\/promoalge.com.br\/index.php?rest_route=%2Fwp%2Fv2%2Fproduct_cat&post=2764"},{"taxonomy":"product_tag","embeddable":true,"href":"https:\/\/promoalge.com.br\/index.php?rest_route=%2Fwp%2Fv2%2Fproduct_tag&post=2764"}],"curies":[{"name":"wp","href":"https:\/\/api.w.org\/{rel}","templated":true}]}}