{"id":2781,"date":"2019-02-07T12:41:55","date_gmt":"2019-02-07T15:41:55","guid":{"rendered":"http:\/\/promoalge.com.br\/?post_type=product&#038;p=2781"},"modified":"2019-02-07T12:41:55","modified_gmt":"2019-02-07T15:41:55","slug":"kit-manicure-pr9388","status":"publish","type":"product","link":"https:\/\/promoalge.com.br\/?product=kit-manicure-pr9388","title":{"rendered":"Kit Manicure &#8211; PR9388"},"content":{"rendered":"","protected":false},"excerpt":{"rendered":"<p>Kit manicure com 4 pe\u00e7as e estojo de alum\u00ednio.Cont\u00e9m: 1 Cortador de unha, 1 Tesourinha,1 Empurrador de cut\u00edcula, 1 Lixa de unha. Grava\u00e7\u00e3o a laser.<\/p>\n","protected":false},"featured_media":2782,"template":"","meta":[],"product_brand":[],"product_cat":[413],"product_tag":[],"class_list":{"0":"post-2781","1":"product","2":"type-product","3":"status-publish","4":"has-post-thumbnail","6":"product_cat-linha-feminina","8":"first","9":"instock","10":"shipping-taxable","11":"product-type-simple"},"_links":{"self":[{"href":"https:\/\/promoalge.com.br\/index.php?rest_route=\/wp\/v2\/product\/2781","targetHints":{"allow":["GET"]}}],"collection":[{"href":"https:\/\/promoalge.com.br\/index.php?rest_route=\/wp\/v2\/product"}],"about":[{"href":"https:\/\/promoalge.com.br\/index.php?rest_route=\/wp\/v2\/types\/product"}],"wp:featuredmedia":[{"embeddable":true,"href":"https:\/\/promoalge.com.br\/index.php?rest_route=\/wp\/v2\/media\/2782"}],"wp:attachment":[{"href":"https:\/\/promoalge.com.br\/index.php?rest_route=%2Fwp%2Fv2%2Fmedia&parent=2781"}],"wp:term":[{"taxonomy":"product_brand","embeddable":true,"href":"https:\/\/promoalge.com.br\/index.php?rest_route=%2Fwp%2Fv2%2Fproduct_brand&post=2781"},{"taxonomy":"product_cat","embeddable":true,"href":"https:\/\/promoalge.com.br\/index.php?rest_route=%2Fwp%2Fv2%2Fproduct_cat&post=2781"},{"taxonomy":"product_tag","embeddable":true,"href":"https:\/\/promoalge.com.br\/index.php?rest_route=%2Fwp%2Fv2%2Fproduct_tag&post=2781"}],"curies":[{"name":"wp","href":"https:\/\/api.w.org\/{rel}","templated":true}]}}