{"id":2798,"date":"2019-02-07T13:03:38","date_gmt":"2019-02-07T16:03:38","guid":{"rendered":"http:\/\/promoalge.com.br\/?post_type=product&#038;p=2798"},"modified":"2019-02-07T13:03:39","modified_gmt":"2019-02-07T16:03:39","slug":"kit-maquiagem-pr774","status":"publish","type":"product","link":"https:\/\/promoalge.com.br\/?product=kit-maquiagem-pr774","title":{"rendered":"Kit Maquiagem &#8211; PR774"},"content":{"rendered":"","protected":false},"excerpt":{"rendered":"<p>Kit pincel 5 pe\u00e7as em estojo pl\u00e1stico com visor transparente. Parte interna acompanha um espelho, compartimento dos pinc\u00e9is \u00e9 inclin\u00e1vel. Possui: pincel para blush, pincel para corretivo, pincel para sombra, pincel para l\u00e1bios e pincel para sobrancelha, medidas 8,2 cm x 5,4 cm. Grava\u00e7\u00e3o serigrafia em 1 cor.<\/p>\n","protected":false},"featured_media":2799,"template":"","meta":[],"product_brand":[],"product_cat":[413],"product_tag":[],"class_list":{"0":"post-2798","1":"product","2":"type-product","3":"status-publish","4":"has-post-thumbnail","6":"product_cat-linha-feminina","8":"first","9":"instock","10":"shipping-taxable","11":"product-type-simple"},"_links":{"self":[{"href":"https:\/\/promoalge.com.br\/index.php?rest_route=\/wp\/v2\/product\/2798","targetHints":{"allow":["GET"]}}],"collection":[{"href":"https:\/\/promoalge.com.br\/index.php?rest_route=\/wp\/v2\/product"}],"about":[{"href":"https:\/\/promoalge.com.br\/index.php?rest_route=\/wp\/v2\/types\/product"}],"wp:featuredmedia":[{"embeddable":true,"href":"https:\/\/promoalge.com.br\/index.php?rest_route=\/wp\/v2\/media\/2799"}],"wp:attachment":[{"href":"https:\/\/promoalge.com.br\/index.php?rest_route=%2Fwp%2Fv2%2Fmedia&parent=2798"}],"wp:term":[{"taxonomy":"product_brand","embeddable":true,"href":"https:\/\/promoalge.com.br\/index.php?rest_route=%2Fwp%2Fv2%2Fproduct_brand&post=2798"},{"taxonomy":"product_cat","embeddable":true,"href":"https:\/\/promoalge.com.br\/index.php?rest_route=%2Fwp%2Fv2%2Fproduct_cat&post=2798"},{"taxonomy":"product_tag","embeddable":true,"href":"https:\/\/promoalge.com.br\/index.php?rest_route=%2Fwp%2Fv2%2Fproduct_tag&post=2798"}],"curies":[{"name":"wp","href":"https:\/\/api.w.org\/{rel}","templated":true}]}}