{"id":2836,"date":"2019-02-08T10:53:24","date_gmt":"2019-02-08T13:53:24","guid":{"rendered":"http:\/\/promoalge.com.br\/?post_type=product&#038;p=2836"},"modified":"2019-02-08T10:53:24","modified_gmt":"2019-02-08T13:53:24","slug":"botton-americano-55-cm-diametro","status":"publish","type":"product","link":"https:\/\/promoalge.com.br\/?product=botton-americano-55-cm-diametro","title":{"rendered":"Botton Americano 5,5 cm Di\u00e2metro"},"content":{"rendered":"","protected":false},"excerpt":{"rendered":"<p>Botton modelo americano produzido em alum\u00ednio com alfinete, medidas 5,5 cm di\u00e2metro. Impress\u00e3o em policromia.<\/p>\n","protected":false},"featured_media":2837,"template":"","meta":[],"product_brand":[],"product_cat":[419],"product_tag":[],"class_list":{"0":"post-2836","1":"product","2":"type-product","3":"status-publish","4":"has-post-thumbnail","6":"product_cat-pins-e-bottons","8":"first","9":"instock","10":"shipping-taxable","11":"product-type-simple"},"_links":{"self":[{"href":"https:\/\/promoalge.com.br\/index.php?rest_route=\/wp\/v2\/product\/2836","targetHints":{"allow":["GET"]}}],"collection":[{"href":"https:\/\/promoalge.com.br\/index.php?rest_route=\/wp\/v2\/product"}],"about":[{"href":"https:\/\/promoalge.com.br\/index.php?rest_route=\/wp\/v2\/types\/product"}],"wp:featuredmedia":[{"embeddable":true,"href":"https:\/\/promoalge.com.br\/index.php?rest_route=\/wp\/v2\/media\/2837"}],"wp:attachment":[{"href":"https:\/\/promoalge.com.br\/index.php?rest_route=%2Fwp%2Fv2%2Fmedia&parent=2836"}],"wp:term":[{"taxonomy":"product_brand","embeddable":true,"href":"https:\/\/promoalge.com.br\/index.php?rest_route=%2Fwp%2Fv2%2Fproduct_brand&post=2836"},{"taxonomy":"product_cat","embeddable":true,"href":"https:\/\/promoalge.com.br\/index.php?rest_route=%2Fwp%2Fv2%2Fproduct_cat&post=2836"},{"taxonomy":"product_tag","embeddable":true,"href":"https:\/\/promoalge.com.br\/index.php?rest_route=%2Fwp%2Fv2%2Fproduct_tag&post=2836"}],"curies":[{"name":"wp","href":"https:\/\/api.w.org\/{rel}","templated":true}]}}