{"id":2961,"date":"2019-02-13T16:33:20","date_gmt":"2019-02-13T19:33:20","guid":{"rendered":"http:\/\/promoalge.com.br\/?post_type=product&#038;p=2961"},"modified":"2019-02-13T16:33:20","modified_gmt":"2019-02-13T19:33:20","slug":"adaptador-universal-pr2043","status":"publish","type":"product","link":"https:\/\/promoalge.com.br\/?product=adaptador-universal-pr2043","title":{"rendered":"Adaptador Universal &#8211; PR2043"},"content":{"rendered":"","protected":false},"excerpt":{"rendered":"<p>Adaptador universal branco em pl\u00e1stico resistente. Possui plug EUROPE: para uso basta puxar a tomada cental, para guardar empurrar para dentro. Plug UK\/SP: empurre o bot\u00e3o verde de lock para unlock e a tomada ir\u00e1 pra fora, para guardar basta empurrar a tomada de volta para dentro e empurre o bot\u00e3o para lock(neste processo \u00e9 necess\u00e1rio segurar a tomada enquanto trava). Plug USA\/JAPAN\/AUST\/THAI: empurre o bot\u00e3o verde de lock para unlock e a tomada ir\u00e1 pra fora, para guardar basta empurrar a tomada de volta para dentro e empurre o bot\u00e3o para lock(neste processo \u00e9 necess\u00e1rio segurar a tomada enquanto trava). Possui duas entradas USB. Parte central basta conectar algum dispositivo e utilizar as outras tomadas para conectar \u00e0 energia. Quando o adaptador estiver com a luz vermelha acesa significa que est\u00e1 funcionando. AC 6A Max. 100-240Vac 50\/60Hz, USB 1000mA Max. +5Vdc, acompanha saquinho tnt para transporte, medidas 8,4 cm x 5,5 cm x 3,9 cm . Grava\u00e7\u00e3o serigrafia em 1 cor.<\/p>\n","protected":false},"featured_media":2962,"template":"","meta":[],"product_brand":[],"product_cat":[353,417],"product_tag":[],"class_list":{"0":"post-2961","1":"product","2":"type-product","3":"status-publish","4":"has-post-thumbnail","6":"product_cat-diversos","7":"product_cat-pendrive-tecnologia","9":"first","10":"instock","11":"shipping-taxable","12":"product-type-simple"},"_links":{"self":[{"href":"https:\/\/promoalge.com.br\/index.php?rest_route=\/wp\/v2\/product\/2961","targetHints":{"allow":["GET"]}}],"collection":[{"href":"https:\/\/promoalge.com.br\/index.php?rest_route=\/wp\/v2\/product"}],"about":[{"href":"https:\/\/promoalge.com.br\/index.php?rest_route=\/wp\/v2\/types\/product"}],"wp:featuredmedia":[{"embeddable":true,"href":"https:\/\/promoalge.com.br\/index.php?rest_route=\/wp\/v2\/media\/2962"}],"wp:attachment":[{"href":"https:\/\/promoalge.com.br\/index.php?rest_route=%2Fwp%2Fv2%2Fmedia&parent=2961"}],"wp:term":[{"taxonomy":"product_brand","embeddable":true,"href":"https:\/\/promoalge.com.br\/index.php?rest_route=%2Fwp%2Fv2%2Fproduct_brand&post=2961"},{"taxonomy":"product_cat","embeddable":true,"href":"https:\/\/promoalge.com.br\/index.php?rest_route=%2Fwp%2Fv2%2Fproduct_cat&post=2961"},{"taxonomy":"product_tag","embeddable":true,"href":"https:\/\/promoalge.com.br\/index.php?rest_route=%2Fwp%2Fv2%2Fproduct_tag&post=2961"}],"curies":[{"name":"wp","href":"https:\/\/api.w.org\/{rel}","templated":true}]}}