{"id":2970,"date":"2019-02-15T14:25:59","date_gmt":"2019-02-15T17:25:59","guid":{"rendered":"http:\/\/promoalge.com.br\/?post_type=product&#038;p=2970"},"modified":"2021-04-27T17:41:40","modified_gmt":"2021-04-27T20:41:40","slug":"kit-mochila-sacola-squeeze-caneca-prktmsc","status":"publish","type":"product","link":"https:\/\/promoalge.com.br\/?product=kit-mochila-sacola-squeeze-caneca-prktmsc","title":{"rendered":"Kit Mochila Sacola + Squeeze + Caneca &#8211; PRKTMSC"},"content":{"rendered":"","protected":false},"excerpt":{"rendered":"<p>Kit Incluso Mochila Sacola tipo mochila em nylon, Medidas 350 x 410 mm, Caneca em Inox t\u00e9rmica com tampa, capacidade 410 ml, confeccionada em Polipropileno e revestida em A\u00e7o Inox. Capacidade: 410 ml e Squeeze de alum\u00ednio com tampa pl\u00e1stica de bico, capacidade para 600 ml.<\/p>\n<p>Personaliza\u00e7\u00e3o:<br \/>\nMochila &#8211; Serigrafia em 1 cor<br \/>\nCaneca e Squeeze &#8211; Laser ou serigrafia em 1 cor.<\/p>\n","protected":false},"featured_media":2976,"template":"","meta":[],"product_brand":[],"product_cat":[237,407],"product_tag":[],"class_list":{"0":"post-2970","1":"product","2":"type-product","3":"status-publish","4":"has-post-thumbnail","6":"product_cat-metalicas","7":"product_cat-conjuntos","9":"first","10":"instock","11":"shipping-taxable","12":"product-type-simple"},"_links":{"self":[{"href":"https:\/\/promoalge.com.br\/index.php?rest_route=\/wp\/v2\/product\/2970","targetHints":{"allow":["GET"]}}],"collection":[{"href":"https:\/\/promoalge.com.br\/index.php?rest_route=\/wp\/v2\/product"}],"about":[{"href":"https:\/\/promoalge.com.br\/index.php?rest_route=\/wp\/v2\/types\/product"}],"wp:featuredmedia":[{"embeddable":true,"href":"https:\/\/promoalge.com.br\/index.php?rest_route=\/wp\/v2\/media\/2976"}],"wp:attachment":[{"href":"https:\/\/promoalge.com.br\/index.php?rest_route=%2Fwp%2Fv2%2Fmedia&parent=2970"}],"wp:term":[{"taxonomy":"product_brand","embeddable":true,"href":"https:\/\/promoalge.com.br\/index.php?rest_route=%2Fwp%2Fv2%2Fproduct_brand&post=2970"},{"taxonomy":"product_cat","embeddable":true,"href":"https:\/\/promoalge.com.br\/index.php?rest_route=%2Fwp%2Fv2%2Fproduct_cat&post=2970"},{"taxonomy":"product_tag","embeddable":true,"href":"https:\/\/promoalge.com.br\/index.php?rest_route=%2Fwp%2Fv2%2Fproduct_tag&post=2970"}],"curies":[{"name":"wp","href":"https:\/\/api.w.org\/{rel}","templated":true}]}}