{"id":2977,"date":"2019-02-15T14:38:56","date_gmt":"2019-02-15T17:38:56","guid":{"rendered":"http:\/\/promoalge.com.br\/?post_type=product&#038;p=2977"},"modified":"2020-07-20T19:46:12","modified_gmt":"2020-07-20T22:46:12","slug":"kit-mochila-sacola-squeeze-fone-de-ouvido-prktmsf","status":"publish","type":"product","link":"https:\/\/promoalge.com.br\/?product=kit-mochila-sacola-squeeze-fone-de-ouvido-prktmsf","title":{"rendered":"Kit Mochila Sacola + Squeeze + Fone de Ouvido &#8211; PRKTMSF"},"content":{"rendered":"","protected":false},"excerpt":{"rendered":"<p>Kit Incluso Mochila Sacola tipo mochila em nylon, Medidas 350 x 410 mm, Fone de ouvido est\u00e9reo com microfone e controle de volume. Fone de ouvido pl\u00e1stico na cor branca, entrada P2, possui indicativo L(left) e R(right) na \u00e1rea interna do fone, detalhes internos vazados no fone(possibilita a vis\u00e3o da tela de prote\u00e7\u00e3o), microfone acoplado no suporte com desenho indicativo e no verso do suporte controle de volume com desenho indicativo \u2013 e +,  e Squeeze de alum\u00ednio com tampa pl\u00e1stica de bico, capacidade para 600 ml.<\/p>\n<p>Personaliza\u00e7\u00e3o:<br \/>\nMochila e Fone &#8211; Serigrafia em 1 cor<br \/>\nSqueeze &#8211; Laser ou serigrafia em 1 cor.<\/p>\n","protected":false},"featured_media":2979,"template":"","meta":[],"product_brand":[],"product_cat":[237,353,407,417],"product_tag":[],"class_list":{"0":"post-2977","1":"product","2":"type-product","3":"status-publish","4":"has-post-thumbnail","6":"product_cat-metalicas","7":"product_cat-diversos","8":"product_cat-conjuntos","9":"product_cat-pendrive-tecnologia","11":"first","12":"instock","13":"shipping-taxable","14":"product-type-simple"},"_links":{"self":[{"href":"https:\/\/promoalge.com.br\/index.php?rest_route=\/wp\/v2\/product\/2977","targetHints":{"allow":["GET"]}}],"collection":[{"href":"https:\/\/promoalge.com.br\/index.php?rest_route=\/wp\/v2\/product"}],"about":[{"href":"https:\/\/promoalge.com.br\/index.php?rest_route=\/wp\/v2\/types\/product"}],"wp:featuredmedia":[{"embeddable":true,"href":"https:\/\/promoalge.com.br\/index.php?rest_route=\/wp\/v2\/media\/2979"}],"wp:attachment":[{"href":"https:\/\/promoalge.com.br\/index.php?rest_route=%2Fwp%2Fv2%2Fmedia&parent=2977"}],"wp:term":[{"taxonomy":"product_brand","embeddable":true,"href":"https:\/\/promoalge.com.br\/index.php?rest_route=%2Fwp%2Fv2%2Fproduct_brand&post=2977"},{"taxonomy":"product_cat","embeddable":true,"href":"https:\/\/promoalge.com.br\/index.php?rest_route=%2Fwp%2Fv2%2Fproduct_cat&post=2977"},{"taxonomy":"product_tag","embeddable":true,"href":"https:\/\/promoalge.com.br\/index.php?rest_route=%2Fwp%2Fv2%2Fproduct_tag&post=2977"}],"curies":[{"name":"wp","href":"https:\/\/api.w.org\/{rel}","templated":true}]}}