{"id":2980,"date":"2019-02-18T19:03:40","date_gmt":"2019-02-18T22:03:40","guid":{"rendered":"http:\/\/promoalge.com.br\/?post_type=product&#038;p=2980"},"modified":"2019-02-18T19:03:40","modified_gmt":"2019-02-18T22:03:40","slug":"kit-bloco-e-caneta-kitbl336","status":"publish","type":"product","link":"https:\/\/promoalge.com.br\/?product=kit-bloco-e-caneta-kitbl336","title":{"rendered":"Kit Bloco e Caneta &#8211; KITBL336"},"content":{"rendered":"","protected":false},"excerpt":{"rendered":"<p>Kit incluso bloco de anota\u00e7\u00f5es com capa plastica, e caneta esferogr\u00e1fica com corpo plastico. Grava\u00e7\u00e3o serigrafia em 1 cor na capa do bloco e caneta.<\/p>\n","protected":false},"featured_media":2982,"template":"","meta":[],"product_brand":[],"product_cat":[407],"product_tag":[],"class_list":{"0":"post-2980","1":"product","2":"type-product","3":"status-publish","4":"has-post-thumbnail","6":"product_cat-conjuntos","8":"first","9":"instock","10":"shipping-taxable","11":"product-type-simple"},"_links":{"self":[{"href":"https:\/\/promoalge.com.br\/index.php?rest_route=\/wp\/v2\/product\/2980","targetHints":{"allow":["GET"]}}],"collection":[{"href":"https:\/\/promoalge.com.br\/index.php?rest_route=\/wp\/v2\/product"}],"about":[{"href":"https:\/\/promoalge.com.br\/index.php?rest_route=\/wp\/v2\/types\/product"}],"wp:featuredmedia":[{"embeddable":true,"href":"https:\/\/promoalge.com.br\/index.php?rest_route=\/wp\/v2\/media\/2982"}],"wp:attachment":[{"href":"https:\/\/promoalge.com.br\/index.php?rest_route=%2Fwp%2Fv2%2Fmedia&parent=2980"}],"wp:term":[{"taxonomy":"product_brand","embeddable":true,"href":"https:\/\/promoalge.com.br\/index.php?rest_route=%2Fwp%2Fv2%2Fproduct_brand&post=2980"},{"taxonomy":"product_cat","embeddable":true,"href":"https:\/\/promoalge.com.br\/index.php?rest_route=%2Fwp%2Fv2%2Fproduct_cat&post=2980"},{"taxonomy":"product_tag","embeddable":true,"href":"https:\/\/promoalge.com.br\/index.php?rest_route=%2Fwp%2Fv2%2Fproduct_tag&post=2980"}],"curies":[{"name":"wp","href":"https:\/\/api.w.org\/{rel}","templated":true}]}}