{"id":2987,"date":"2019-02-18T19:09:26","date_gmt":"2019-02-18T22:09:26","guid":{"rendered":"http:\/\/promoalge.com.br\/?post_type=product&#038;p=2987"},"modified":"2019-02-18T19:09:26","modified_gmt":"2019-02-18T22:09:26","slug":"kit-caneta-chaveiro-porta-cartao-prkit006k","status":"publish","type":"product","link":"https:\/\/promoalge.com.br\/?product=kit-caneta-chaveiro-porta-cartao-prkit006k","title":{"rendered":"Kit Caneta, Chaveiro &#038; Porta Cart\u00e3o &#8211; PRKIT006K"},"content":{"rendered":"","protected":false},"excerpt":{"rendered":"<p>Kit com caneta met\u00e1lica , chaveiro e porta cart\u00e3o em metal com sint\u00e9tico. Incluso estojo luva em  kraft e ber\u00e7o em espuma. Grava\u00e7\u00e3o a laser na caneta, chaveiro e porta cart\u00e3o.<\/p>\n","protected":false},"featured_media":2988,"template":"","meta":[],"product_brand":[],"product_cat":[409,407],"product_tag":[],"class_list":{"0":"post-2987","1":"product","2":"type-product","3":"status-publish","4":"has-post-thumbnail","6":"product_cat-escritorio","7":"product_cat-conjuntos","9":"first","10":"instock","11":"shipping-taxable","12":"product-type-simple"},"_links":{"self":[{"href":"https:\/\/promoalge.com.br\/index.php?rest_route=\/wp\/v2\/product\/2987","targetHints":{"allow":["GET"]}}],"collection":[{"href":"https:\/\/promoalge.com.br\/index.php?rest_route=\/wp\/v2\/product"}],"about":[{"href":"https:\/\/promoalge.com.br\/index.php?rest_route=\/wp\/v2\/types\/product"}],"wp:featuredmedia":[{"embeddable":true,"href":"https:\/\/promoalge.com.br\/index.php?rest_route=\/wp\/v2\/media\/2988"}],"wp:attachment":[{"href":"https:\/\/promoalge.com.br\/index.php?rest_route=%2Fwp%2Fv2%2Fmedia&parent=2987"}],"wp:term":[{"taxonomy":"product_brand","embeddable":true,"href":"https:\/\/promoalge.com.br\/index.php?rest_route=%2Fwp%2Fv2%2Fproduct_brand&post=2987"},{"taxonomy":"product_cat","embeddable":true,"href":"https:\/\/promoalge.com.br\/index.php?rest_route=%2Fwp%2Fv2%2Fproduct_cat&post=2987"},{"taxonomy":"product_tag","embeddable":true,"href":"https:\/\/promoalge.com.br\/index.php?rest_route=%2Fwp%2Fv2%2Fproduct_tag&post=2987"}],"curies":[{"name":"wp","href":"https:\/\/api.w.org\/{rel}","templated":true}]}}