{"id":2989,"date":"2019-02-18T19:12:16","date_gmt":"2019-02-18T22:12:16","guid":{"rendered":"http:\/\/promoalge.com.br\/?post_type=product&#038;p=2989"},"modified":"2019-02-25T15:27:10","modified_gmt":"2019-02-25T18:27:10","slug":"kit-caneta-chaveiro-porta-cartao-pr4481","status":"publish","type":"product","link":"https:\/\/promoalge.com.br\/?product=kit-caneta-chaveiro-porta-cartao-pr4481","title":{"rendered":"Kit Caneta, Chaveiro &#038; Porta Cart\u00e3o &#8211; PR4481"},"content":{"rendered":"","protected":false},"excerpt":{"rendered":"<p>Kit executivo com 3 pe\u00e7as,  Porta cart\u00e3o de  sint\u00e9tico com metal, Chaveiro de metal com  sint\u00e9tico, Caneta de metal com sint\u00e9tico. Grava\u00e7\u00e3o a laser na caneta, chaveiro e porta cart\u00e3o. Incluso embalagem com ber\u00e7o para os itens.<\/p>\n","protected":false},"featured_media":2991,"template":"","meta":[],"product_brand":[],"product_cat":[409,407],"product_tag":[],"class_list":{"0":"post-2989","1":"product","2":"type-product","3":"status-publish","4":"has-post-thumbnail","6":"product_cat-escritorio","7":"product_cat-conjuntos","9":"first","10":"instock","11":"shipping-taxable","12":"product-type-simple"},"_links":{"self":[{"href":"https:\/\/promoalge.com.br\/index.php?rest_route=\/wp\/v2\/product\/2989","targetHints":{"allow":["GET"]}}],"collection":[{"href":"https:\/\/promoalge.com.br\/index.php?rest_route=\/wp\/v2\/product"}],"about":[{"href":"https:\/\/promoalge.com.br\/index.php?rest_route=\/wp\/v2\/types\/product"}],"wp:featuredmedia":[{"embeddable":true,"href":"https:\/\/promoalge.com.br\/index.php?rest_route=\/wp\/v2\/media\/2991"}],"wp:attachment":[{"href":"https:\/\/promoalge.com.br\/index.php?rest_route=%2Fwp%2Fv2%2Fmedia&parent=2989"}],"wp:term":[{"taxonomy":"product_brand","embeddable":true,"href":"https:\/\/promoalge.com.br\/index.php?rest_route=%2Fwp%2Fv2%2Fproduct_brand&post=2989"},{"taxonomy":"product_cat","embeddable":true,"href":"https:\/\/promoalge.com.br\/index.php?rest_route=%2Fwp%2Fv2%2Fproduct_cat&post=2989"},{"taxonomy":"product_tag","embeddable":true,"href":"https:\/\/promoalge.com.br\/index.php?rest_route=%2Fwp%2Fv2%2Fproduct_tag&post=2989"}],"curies":[{"name":"wp","href":"https:\/\/api.w.org\/{rel}","templated":true}]}}