{"id":2993,"date":"2019-02-18T19:15:49","date_gmt":"2019-02-18T22:15:49","guid":{"rendered":"http:\/\/promoalge.com.br\/?post_type=product&#038;p=2993"},"modified":"2019-02-26T12:43:50","modified_gmt":"2019-02-26T15:43:50","slug":"kit-bateria-portatil-e-porta-cartao-prkitpcbt","status":"publish","type":"product","link":"https:\/\/promoalge.com.br\/?product=kit-bateria-portatil-e-porta-cartao-prkitpcbt","title":{"rendered":"Kit Bateria Port\u00e1til e Porta Cart\u00e3o &#8211; PRKITPCBT"},"content":{"rendered":"","protected":false},"excerpt":{"rendered":"<p>Kit executivo incluso: Porta cart\u00e3o em couro sint\u00e9tico com detalhe em metal espelhado para personaliza\u00e7\u00e3o(inferior frontal, verso tamb\u00e9m brilhante), fecha\/abre por im\u00e3 &#038; Power bank de metal com indicador de carga em led. Corpo met\u00e1lico de design fino com detalhe branco nas laterais, \u201centrada\u201d e \u201csa\u00edda\u201d de 5v, 4 indicadores de carga em led branco e botao liga\/desliga, 2800 mAh. Acompanha cabo USB. Incluso caixa produzida em papel\u00e3o r\u00edgido, com ber\u00e7o para os itens, personaliza\u00e7\u00e3o na caixa em 1 cor, bateria e porta cart\u00e3 o a laser.<\/p>\n","protected":false},"featured_media":3222,"template":"","meta":[],"product_brand":[],"product_cat":[407,417],"product_tag":[],"class_list":{"0":"post-2993","1":"product","2":"type-product","3":"status-publish","4":"has-post-thumbnail","6":"product_cat-conjuntos","7":"product_cat-pendrive-tecnologia","9":"first","10":"instock","11":"shipping-taxable","12":"product-type-simple"},"_links":{"self":[{"href":"https:\/\/promoalge.com.br\/index.php?rest_route=\/wp\/v2\/product\/2993","targetHints":{"allow":["GET"]}}],"collection":[{"href":"https:\/\/promoalge.com.br\/index.php?rest_route=\/wp\/v2\/product"}],"about":[{"href":"https:\/\/promoalge.com.br\/index.php?rest_route=\/wp\/v2\/types\/product"}],"wp:featuredmedia":[{"embeddable":true,"href":"https:\/\/promoalge.com.br\/index.php?rest_route=\/wp\/v2\/media\/3222"}],"wp:attachment":[{"href":"https:\/\/promoalge.com.br\/index.php?rest_route=%2Fwp%2Fv2%2Fmedia&parent=2993"}],"wp:term":[{"taxonomy":"product_brand","embeddable":true,"href":"https:\/\/promoalge.com.br\/index.php?rest_route=%2Fwp%2Fv2%2Fproduct_brand&post=2993"},{"taxonomy":"product_cat","embeddable":true,"href":"https:\/\/promoalge.com.br\/index.php?rest_route=%2Fwp%2Fv2%2Fproduct_cat&post=2993"},{"taxonomy":"product_tag","embeddable":true,"href":"https:\/\/promoalge.com.br\/index.php?rest_route=%2Fwp%2Fv2%2Fproduct_tag&post=2993"}],"curies":[{"name":"wp","href":"https:\/\/api.w.org\/{rel}","templated":true}]}}