{"id":2995,"date":"2019-02-18T19:17:55","date_gmt":"2019-02-18T22:17:55","guid":{"rendered":"http:\/\/promoalge.com.br\/?post_type=product&#038;p=2995"},"modified":"2019-02-18T19:17:55","modified_gmt":"2019-02-18T22:17:55","slug":"kit-caneta-chaveiro-cc01099","status":"publish","type":"product","link":"https:\/\/promoalge.com.br\/?product=kit-caneta-chaveiro-cc01099","title":{"rendered":"Kit Caneta &#038; Chaveiro &#8211; CC01099"},"content":{"rendered":"","protected":false},"excerpt":{"rendered":"<p>Conjunto com caneta e chaveiro em Metal, Dimens\u00f5es da caneta: 13x1cm ,Dimens\u00f5es do chaveiro: 8&#215;2,5&#215;0,7cm . Grava\u00e7\u00e3o a laser na caneta e chaveiro. Incluso embalagem com ber\u00e7o para caneta e chaveiro.<\/p>\n","protected":false},"featured_media":2996,"template":"","meta":[],"product_brand":[],"product_cat":[407],"product_tag":[],"class_list":{"0":"post-2995","1":"product","2":"type-product","3":"status-publish","4":"has-post-thumbnail","6":"product_cat-conjuntos","8":"first","9":"instock","10":"shipping-taxable","11":"product-type-simple"},"_links":{"self":[{"href":"https:\/\/promoalge.com.br\/index.php?rest_route=\/wp\/v2\/product\/2995","targetHints":{"allow":["GET"]}}],"collection":[{"href":"https:\/\/promoalge.com.br\/index.php?rest_route=\/wp\/v2\/product"}],"about":[{"href":"https:\/\/promoalge.com.br\/index.php?rest_route=\/wp\/v2\/types\/product"}],"wp:featuredmedia":[{"embeddable":true,"href":"https:\/\/promoalge.com.br\/index.php?rest_route=\/wp\/v2\/media\/2996"}],"wp:attachment":[{"href":"https:\/\/promoalge.com.br\/index.php?rest_route=%2Fwp%2Fv2%2Fmedia&parent=2995"}],"wp:term":[{"taxonomy":"product_brand","embeddable":true,"href":"https:\/\/promoalge.com.br\/index.php?rest_route=%2Fwp%2Fv2%2Fproduct_brand&post=2995"},{"taxonomy":"product_cat","embeddable":true,"href":"https:\/\/promoalge.com.br\/index.php?rest_route=%2Fwp%2Fv2%2Fproduct_cat&post=2995"},{"taxonomy":"product_tag","embeddable":true,"href":"https:\/\/promoalge.com.br\/index.php?rest_route=%2Fwp%2Fv2%2Fproduct_tag&post=2995"}],"curies":[{"name":"wp","href":"https:\/\/api.w.org\/{rel}","templated":true}]}}