{"id":3001,"date":"2019-02-18T19:25:03","date_gmt":"2019-02-18T22:25:03","guid":{"rendered":"http:\/\/promoalge.com.br\/?post_type=product&#038;p=3001"},"modified":"2020-06-04T15:08:44","modified_gmt":"2020-06-04T18:08:44","slug":"kit-caneta-chaveiro-prkit143chv2","status":"publish","type":"product","link":"https:\/\/promoalge.com.br\/?product=kit-caneta-chaveiro-prkit143chv2","title":{"rendered":"Kit Caneta &#038; Chaveiro &#8211; KITCHV2"},"content":{"rendered":"","protected":false},"excerpt":{"rendered":"<p>Kit incluso caneta met\u00e1lica e chaveiro com detalhes em sint\u00e9tico. Grava\u00e7\u00e3o a laser na caneta, chaveiro e serigrafia em 1 cor na caixa.<\/p>\n","protected":false},"featured_media":3236,"template":"","meta":[],"product_brand":[],"product_cat":[407],"product_tag":[],"class_list":{"0":"post-3001","1":"product","2":"type-product","3":"status-publish","4":"has-post-thumbnail","6":"product_cat-conjuntos","8":"first","9":"instock","10":"shipping-taxable","11":"product-type-simple"},"_links":{"self":[{"href":"https:\/\/promoalge.com.br\/index.php?rest_route=\/wp\/v2\/product\/3001","targetHints":{"allow":["GET"]}}],"collection":[{"href":"https:\/\/promoalge.com.br\/index.php?rest_route=\/wp\/v2\/product"}],"about":[{"href":"https:\/\/promoalge.com.br\/index.php?rest_route=\/wp\/v2\/types\/product"}],"wp:featuredmedia":[{"embeddable":true,"href":"https:\/\/promoalge.com.br\/index.php?rest_route=\/wp\/v2\/media\/3236"}],"wp:attachment":[{"href":"https:\/\/promoalge.com.br\/index.php?rest_route=%2Fwp%2Fv2%2Fmedia&parent=3001"}],"wp:term":[{"taxonomy":"product_brand","embeddable":true,"href":"https:\/\/promoalge.com.br\/index.php?rest_route=%2Fwp%2Fv2%2Fproduct_brand&post=3001"},{"taxonomy":"product_cat","embeddable":true,"href":"https:\/\/promoalge.com.br\/index.php?rest_route=%2Fwp%2Fv2%2Fproduct_cat&post=3001"},{"taxonomy":"product_tag","embeddable":true,"href":"https:\/\/promoalge.com.br\/index.php?rest_route=%2Fwp%2Fv2%2Fproduct_tag&post=3001"}],"curies":[{"name":"wp","href":"https:\/\/api.w.org\/{rel}","templated":true}]}}