{"id":3007,"date":"2019-02-18T19:33:44","date_gmt":"2019-02-18T22:33:44","guid":{"rendered":"http:\/\/promoalge.com.br\/?post_type=product&#038;p=3007"},"modified":"2020-06-04T15:08:22","modified_gmt":"2020-06-04T18:08:22","slug":"kit-caneta-chaveiro-prkitchv3","status":"publish","type":"product","link":"https:\/\/promoalge.com.br\/?product=kit-caneta-chaveiro-prkitchv3","title":{"rendered":"Kit Caneta &#038; Chaveiro &#8211; KITCHV3"},"content":{"rendered":"","protected":false},"excerpt":{"rendered":"<p>Kit incluso caneta met\u00e1lica modelo PR143, e chaveiro met\u00e1lico com modelo com mosquet\u00e3o. Incluso caixa em papel r\u00edgido preto com el\u00e1stico para prender caneta e chaveiro. Grava\u00e7\u00e3o a laser no chaveiro, caneta e impress\u00e3o em 1 cor na caixa.<\/p>\n","protected":false},"featured_media":3008,"template":"","meta":[],"product_brand":[],"product_cat":[407],"product_tag":[],"class_list":{"0":"post-3007","1":"product","2":"type-product","3":"status-publish","4":"has-post-thumbnail","6":"product_cat-conjuntos","8":"first","9":"instock","10":"shipping-taxable","11":"product-type-simple"},"_links":{"self":[{"href":"https:\/\/promoalge.com.br\/index.php?rest_route=\/wp\/v2\/product\/3007","targetHints":{"allow":["GET"]}}],"collection":[{"href":"https:\/\/promoalge.com.br\/index.php?rest_route=\/wp\/v2\/product"}],"about":[{"href":"https:\/\/promoalge.com.br\/index.php?rest_route=\/wp\/v2\/types\/product"}],"wp:featuredmedia":[{"embeddable":true,"href":"https:\/\/promoalge.com.br\/index.php?rest_route=\/wp\/v2\/media\/3008"}],"wp:attachment":[{"href":"https:\/\/promoalge.com.br\/index.php?rest_route=%2Fwp%2Fv2%2Fmedia&parent=3007"}],"wp:term":[{"taxonomy":"product_brand","embeddable":true,"href":"https:\/\/promoalge.com.br\/index.php?rest_route=%2Fwp%2Fv2%2Fproduct_brand&post=3007"},{"taxonomy":"product_cat","embeddable":true,"href":"https:\/\/promoalge.com.br\/index.php?rest_route=%2Fwp%2Fv2%2Fproduct_cat&post=3007"},{"taxonomy":"product_tag","embeddable":true,"href":"https:\/\/promoalge.com.br\/index.php?rest_route=%2Fwp%2Fv2%2Fproduct_tag&post=3007"}],"curies":[{"name":"wp","href":"https:\/\/api.w.org\/{rel}","templated":true}]}}