{"id":3012,"date":"2019-02-18T19:39:44","date_gmt":"2019-02-18T22:39:44","guid":{"rendered":"http:\/\/promoalge.com.br\/?post_type=product&#038;p=3012"},"modified":"2019-02-18T19:39:44","modified_gmt":"2019-02-18T22:39:44","slug":"kit-caneta-pendrive-kit005","status":"publish","type":"product","link":"https:\/\/promoalge.com.br\/?product=kit-caneta-pendrive-kit005","title":{"rendered":"Kit Caneta &#038; Pendrive &#8211; KIT005"},"content":{"rendered":"","protected":false},"excerpt":{"rendered":"<p>Kit Incluso caneta cod.PR143 e pen drive cod.122 de capacidade  8 gb com estojo luva em kraft com ber\u00e7o em espuma. Incluso 01 grava\u00e7\u00e3o a laser 01 posi\u00e7\u00e3o na caneta e no pen drive.<\/p>\n","protected":false},"featured_media":3013,"template":"","meta":[],"product_brand":[],"product_cat":[407,417],"product_tag":[],"class_list":{"0":"post-3012","1":"product","2":"type-product","3":"status-publish","4":"has-post-thumbnail","6":"product_cat-conjuntos","7":"product_cat-pendrive-tecnologia","9":"first","10":"instock","11":"shipping-taxable","12":"product-type-simple"},"_links":{"self":[{"href":"https:\/\/promoalge.com.br\/index.php?rest_route=\/wp\/v2\/product\/3012","targetHints":{"allow":["GET"]}}],"collection":[{"href":"https:\/\/promoalge.com.br\/index.php?rest_route=\/wp\/v2\/product"}],"about":[{"href":"https:\/\/promoalge.com.br\/index.php?rest_route=\/wp\/v2\/types\/product"}],"wp:featuredmedia":[{"embeddable":true,"href":"https:\/\/promoalge.com.br\/index.php?rest_route=\/wp\/v2\/media\/3013"}],"wp:attachment":[{"href":"https:\/\/promoalge.com.br\/index.php?rest_route=%2Fwp%2Fv2%2Fmedia&parent=3012"}],"wp:term":[{"taxonomy":"product_brand","embeddable":true,"href":"https:\/\/promoalge.com.br\/index.php?rest_route=%2Fwp%2Fv2%2Fproduct_brand&post=3012"},{"taxonomy":"product_cat","embeddable":true,"href":"https:\/\/promoalge.com.br\/index.php?rest_route=%2Fwp%2Fv2%2Fproduct_cat&post=3012"},{"taxonomy":"product_tag","embeddable":true,"href":"https:\/\/promoalge.com.br\/index.php?rest_route=%2Fwp%2Fv2%2Fproduct_tag&post=3012"}],"curies":[{"name":"wp","href":"https:\/\/api.w.org\/{rel}","templated":true}]}}