{"id":3014,"date":"2019-02-18T19:42:34","date_gmt":"2019-02-18T22:42:34","guid":{"rendered":"http:\/\/promoalge.com.br\/?post_type=product&#038;p=3014"},"modified":"2019-09-10T16:01:45","modified_gmt":"2019-09-10T19:01:45","slug":"pendrive-pr97527","status":"publish","type":"product","link":"https:\/\/promoalge.com.br\/?product=pendrive-pr97527","title":{"rendered":"Pendrive &#8211; PR97527"},"content":{"rendered":"","protected":false},"excerpt":{"rendered":"<p>Pen drive em Couro sint\u00e9tico, e fechamento com ima. Capacidade: 8GB, Medidas 80 x 21 x 16 mm, Grava\u00e7\u00e3o a laser.<\/p>\n","protected":false},"featured_media":4184,"template":"","meta":[],"product_brand":[],"product_cat":[417],"product_tag":[],"class_list":{"0":"post-3014","1":"product","2":"type-product","3":"status-publish","4":"has-post-thumbnail","6":"product_cat-pendrive-tecnologia","8":"first","9":"instock","10":"shipping-taxable","11":"product-type-simple"},"_links":{"self":[{"href":"https:\/\/promoalge.com.br\/index.php?rest_route=\/wp\/v2\/product\/3014","targetHints":{"allow":["GET"]}}],"collection":[{"href":"https:\/\/promoalge.com.br\/index.php?rest_route=\/wp\/v2\/product"}],"about":[{"href":"https:\/\/promoalge.com.br\/index.php?rest_route=\/wp\/v2\/types\/product"}],"wp:featuredmedia":[{"embeddable":true,"href":"https:\/\/promoalge.com.br\/index.php?rest_route=\/wp\/v2\/media\/4184"}],"wp:attachment":[{"href":"https:\/\/promoalge.com.br\/index.php?rest_route=%2Fwp%2Fv2%2Fmedia&parent=3014"}],"wp:term":[{"taxonomy":"product_brand","embeddable":true,"href":"https:\/\/promoalge.com.br\/index.php?rest_route=%2Fwp%2Fv2%2Fproduct_brand&post=3014"},{"taxonomy":"product_cat","embeddable":true,"href":"https:\/\/promoalge.com.br\/index.php?rest_route=%2Fwp%2Fv2%2Fproduct_cat&post=3014"},{"taxonomy":"product_tag","embeddable":true,"href":"https:\/\/promoalge.com.br\/index.php?rest_route=%2Fwp%2Fv2%2Fproduct_tag&post=3014"}],"curies":[{"name":"wp","href":"https:\/\/api.w.org\/{rel}","templated":true}]}}