{"id":3019,"date":"2019-02-18T19:43:53","date_gmt":"2019-02-18T22:43:53","guid":{"rendered":"http:\/\/promoalge.com.br\/?post_type=product&#038;p=3019"},"modified":"2019-09-05T14:19:34","modified_gmt":"2019-09-05T17:19:34","slug":"pendrive-chaveiro-penchaveiro","status":"publish","type":"product","link":"https:\/\/promoalge.com.br\/?product=pendrive-chaveiro-penchaveiro","title":{"rendered":"Pendrive Chaveiro &#8211; PRP021"},"content":{"rendered":"","protected":false},"excerpt":{"rendered":"<p>Pendrive em a\u00e7o modelo chaveiro, capacidade 8 gb. Grava\u00e7\u00e3o a laser.<\/p>\n","protected":false},"featured_media":3020,"template":"","meta":[],"product_brand":[],"product_cat":[417],"product_tag":[],"class_list":{"0":"post-3019","1":"product","2":"type-product","3":"status-publish","4":"has-post-thumbnail","6":"product_cat-pendrive-tecnologia","8":"first","9":"instock","10":"shipping-taxable","11":"product-type-simple"},"_links":{"self":[{"href":"https:\/\/promoalge.com.br\/index.php?rest_route=\/wp\/v2\/product\/3019","targetHints":{"allow":["GET"]}}],"collection":[{"href":"https:\/\/promoalge.com.br\/index.php?rest_route=\/wp\/v2\/product"}],"about":[{"href":"https:\/\/promoalge.com.br\/index.php?rest_route=\/wp\/v2\/types\/product"}],"wp:featuredmedia":[{"embeddable":true,"href":"https:\/\/promoalge.com.br\/index.php?rest_route=\/wp\/v2\/media\/3020"}],"wp:attachment":[{"href":"https:\/\/promoalge.com.br\/index.php?rest_route=%2Fwp%2Fv2%2Fmedia&parent=3019"}],"wp:term":[{"taxonomy":"product_brand","embeddable":true,"href":"https:\/\/promoalge.com.br\/index.php?rest_route=%2Fwp%2Fv2%2Fproduct_brand&post=3019"},{"taxonomy":"product_cat","embeddable":true,"href":"https:\/\/promoalge.com.br\/index.php?rest_route=%2Fwp%2Fv2%2Fproduct_cat&post=3019"},{"taxonomy":"product_tag","embeddable":true,"href":"https:\/\/promoalge.com.br\/index.php?rest_route=%2Fwp%2Fv2%2Fproduct_tag&post=3019"}],"curies":[{"name":"wp","href":"https:\/\/api.w.org\/{rel}","templated":true}]}}