{"id":3094,"date":"2019-02-20T19:03:11","date_gmt":"2019-02-20T22:03:11","guid":{"rendered":"http:\/\/promoalge.com.br\/?post_type=product&#038;p=3094"},"modified":"2025-08-12T16:56:40","modified_gmt":"2025-08-12T19:56:40","slug":"bolsa-termica-5-litros-prbt013","status":"publish","type":"product","link":"https:\/\/promoalge.com.br\/?product=bolsa-termica-5-litros-prbt013","title":{"rendered":"Bolsa T\u00e9rmica 5 Litros &#8211; PRBT013"},"content":{"rendered":"","protected":false},"excerpt":{"rendered":"<p>Bolsa t\u00e9rmica de m\u00e3o com 5 litros, material externo de nylon e al\u00e7a com gancho para utilizar carregada ao corpo, medidas 25,2 cm x 33,6 cm x 16,9 cm. Grava\u00e7\u00e3o serigrafia em 1 cor ou laser em placa de metal.<\/p>\n","protected":false},"featured_media":3095,"template":"","meta":[],"product_brand":[],"product_cat":[79,413,414],"product_tag":[],"class_list":{"0":"post-3094","1":"product","2":"type-product","3":"status-publish","4":"has-post-thumbnail","6":"product_cat-bolsas-mochilas","7":"product_cat-linha-feminina","8":"product_cat-praia-verao","10":"first","11":"instock","12":"shipping-taxable","13":"product-type-simple"},"_links":{"self":[{"href":"https:\/\/promoalge.com.br\/index.php?rest_route=\/wp\/v2\/product\/3094","targetHints":{"allow":["GET"]}}],"collection":[{"href":"https:\/\/promoalge.com.br\/index.php?rest_route=\/wp\/v2\/product"}],"about":[{"href":"https:\/\/promoalge.com.br\/index.php?rest_route=\/wp\/v2\/types\/product"}],"wp:featuredmedia":[{"embeddable":true,"href":"https:\/\/promoalge.com.br\/index.php?rest_route=\/wp\/v2\/media\/3095"}],"wp:attachment":[{"href":"https:\/\/promoalge.com.br\/index.php?rest_route=%2Fwp%2Fv2%2Fmedia&parent=3094"}],"wp:term":[{"taxonomy":"product_brand","embeddable":true,"href":"https:\/\/promoalge.com.br\/index.php?rest_route=%2Fwp%2Fv2%2Fproduct_brand&post=3094"},{"taxonomy":"product_cat","embeddable":true,"href":"https:\/\/promoalge.com.br\/index.php?rest_route=%2Fwp%2Fv2%2Fproduct_cat&post=3094"},{"taxonomy":"product_tag","embeddable":true,"href":"https:\/\/promoalge.com.br\/index.php?rest_route=%2Fwp%2Fv2%2Fproduct_tag&post=3094"}],"curies":[{"name":"wp","href":"https:\/\/api.w.org\/{rel}","templated":true}]}}