{"id":3125,"date":"2019-02-21T15:13:46","date_gmt":"2019-02-21T18:13:46","guid":{"rendered":"http:\/\/promoalge.com.br\/?post_type=product&#038;p=3125"},"modified":"2019-02-21T15:17:18","modified_gmt":"2019-02-21T18:17:18","slug":"cofre-plastico-porquinho-cfpq450","status":"publish","type":"product","link":"https:\/\/promoalge.com.br\/?product=cofre-plastico-porquinho-cfpq450","title":{"rendered":"Cofre Pl\u00e1stico Porquinho &#8211; CFPQ450"},"content":{"rendered":"","protected":false},"excerpt":{"rendered":"<p>Cofre pl\u00e1stico formato porquinho, inteiro colorido e possui detalhes em relevo. Suporte para moedas na cabe\u00e7a do porquinho, medidas 12,4 cm x 8,1 cm. Grava\u00e7\u00e3o serigrafia em 1 cor.<\/p>\n","protected":false},"featured_media":3126,"template":"","meta":[],"product_brand":[],"product_cat":[353],"product_tag":[],"class_list":{"0":"post-3125","1":"product","2":"type-product","3":"status-publish","4":"has-post-thumbnail","6":"product_cat-diversos","8":"first","9":"instock","10":"shipping-taxable","11":"product-type-simple"},"_links":{"self":[{"href":"https:\/\/promoalge.com.br\/index.php?rest_route=\/wp\/v2\/product\/3125","targetHints":{"allow":["GET"]}}],"collection":[{"href":"https:\/\/promoalge.com.br\/index.php?rest_route=\/wp\/v2\/product"}],"about":[{"href":"https:\/\/promoalge.com.br\/index.php?rest_route=\/wp\/v2\/types\/product"}],"wp:featuredmedia":[{"embeddable":true,"href":"https:\/\/promoalge.com.br\/index.php?rest_route=\/wp\/v2\/media\/3126"}],"wp:attachment":[{"href":"https:\/\/promoalge.com.br\/index.php?rest_route=%2Fwp%2Fv2%2Fmedia&parent=3125"}],"wp:term":[{"taxonomy":"product_brand","embeddable":true,"href":"https:\/\/promoalge.com.br\/index.php?rest_route=%2Fwp%2Fv2%2Fproduct_brand&post=3125"},{"taxonomy":"product_cat","embeddable":true,"href":"https:\/\/promoalge.com.br\/index.php?rest_route=%2Fwp%2Fv2%2Fproduct_cat&post=3125"},{"taxonomy":"product_tag","embeddable":true,"href":"https:\/\/promoalge.com.br\/index.php?rest_route=%2Fwp%2Fv2%2Fproduct_tag&post=3125"}],"curies":[{"name":"wp","href":"https:\/\/api.w.org\/{rel}","templated":true}]}}