{"id":3137,"date":"2019-02-25T11:48:40","date_gmt":"2019-02-25T14:48:40","guid":{"rendered":"http:\/\/promoalge.com.br\/?post_type=product&#038;p=3137"},"modified":"2019-02-25T11:48:40","modified_gmt":"2019-02-25T14:48:40","slug":"kit-pizza-cerveja-kt-90002","status":"publish","type":"product","link":"https:\/\/promoalge.com.br\/?product=kit-pizza-cerveja-kt-90002","title":{"rendered":"Kit Pizza &#038; Cerveja &#8211; KT-90002"},"content":{"rendered":"","protected":false},"excerpt":{"rendered":"<p>Kit para Pizza e Cerveja, conta com t\u00e1bua para petisco\/pizza, esp\u00e1tula para pizza e duas esp\u00e1tulas 14 cm em Bambu; cortador de pizza em Bambu\/Inox; duas ta\u00e7as para cerveja em Vidro; dois ramekins em Porcelana. Dimens\u00f5es da t\u00e1bua: 35 x 1,5 cm. Grava\u00e7\u00e3o a Laser nas duas ta\u00e7as, na t\u00e1bua e na tampa da caixa.<\/p>\n","protected":false},"featured_media":3138,"template":"","meta":[],"product_brand":[],"product_cat":[49],"product_tag":[],"class_list":{"0":"post-3137","1":"product","2":"type-product","3":"status-publish","4":"has-post-thumbnail","6":"product_cat-bar-queijo-vinhos","8":"first","9":"instock","10":"shipping-taxable","11":"product-type-simple"},"_links":{"self":[{"href":"https:\/\/promoalge.com.br\/index.php?rest_route=\/wp\/v2\/product\/3137","targetHints":{"allow":["GET"]}}],"collection":[{"href":"https:\/\/promoalge.com.br\/index.php?rest_route=\/wp\/v2\/product"}],"about":[{"href":"https:\/\/promoalge.com.br\/index.php?rest_route=\/wp\/v2\/types\/product"}],"wp:featuredmedia":[{"embeddable":true,"href":"https:\/\/promoalge.com.br\/index.php?rest_route=\/wp\/v2\/media\/3138"}],"wp:attachment":[{"href":"https:\/\/promoalge.com.br\/index.php?rest_route=%2Fwp%2Fv2%2Fmedia&parent=3137"}],"wp:term":[{"taxonomy":"product_brand","embeddable":true,"href":"https:\/\/promoalge.com.br\/index.php?rest_route=%2Fwp%2Fv2%2Fproduct_brand&post=3137"},{"taxonomy":"product_cat","embeddable":true,"href":"https:\/\/promoalge.com.br\/index.php?rest_route=%2Fwp%2Fv2%2Fproduct_cat&post=3137"},{"taxonomy":"product_tag","embeddable":true,"href":"https:\/\/promoalge.com.br\/index.php?rest_route=%2Fwp%2Fv2%2Fproduct_tag&post=3137"}],"curies":[{"name":"wp","href":"https:\/\/api.w.org\/{rel}","templated":true}]}}