{"id":3139,"date":"2019-02-25T12:01:29","date_gmt":"2019-02-25T15:01:29","guid":{"rendered":"http:\/\/promoalge.com.br\/?post_type=product&#038;p=3139"},"modified":"2019-02-25T12:01:29","modified_gmt":"2019-02-25T15:01:29","slug":"kit-office-kt-90080","status":"publish","type":"product","link":"https:\/\/promoalge.com.br\/?product=kit-office-kt-90080","title":{"rendered":"Kit Office &#8211; KT-90080"},"content":{"rendered":"","protected":false},"excerpt":{"rendered":"<p>Kit office, Conjunto composto por um caderno com capa em courino preto, porta-cart\u00e3o em material sint\u00e9tico preto texturizado e metal cromado brilhante, com capacidade para, aproximadamente, 20 cart\u00f5es, caneta esferogr\u00e1fica em metal com corpo revestido em material sint\u00e9tico preto texturizado e chaveiro em metal com material sint\u00e9tico preto. Caderno conta com 80 folhas n\u00e3o pautadas e el\u00e1stico para fechamento. Incluso caixa em papel\u00e3o com tampa.<br \/>\nPersonaliza\u00e7\u00e3o:<br \/>\nMolesquine e caixa : Serigrafia em 1 cor<br \/>\nCaneta, porta cart\u00e3o e Chaveiro: Laser.<\/p>\n<p>Kit entregue montado.<\/p>\n","protected":false},"featured_media":3142,"template":"","meta":[],"product_brand":[],"product_cat":[409,407],"product_tag":[],"class_list":{"0":"post-3139","1":"product","2":"type-product","3":"status-publish","4":"has-post-thumbnail","6":"product_cat-escritorio","7":"product_cat-conjuntos","9":"first","10":"instock","11":"shipping-taxable","12":"product-type-simple"},"_links":{"self":[{"href":"https:\/\/promoalge.com.br\/index.php?rest_route=\/wp\/v2\/product\/3139","targetHints":{"allow":["GET"]}}],"collection":[{"href":"https:\/\/promoalge.com.br\/index.php?rest_route=\/wp\/v2\/product"}],"about":[{"href":"https:\/\/promoalge.com.br\/index.php?rest_route=\/wp\/v2\/types\/product"}],"wp:featuredmedia":[{"embeddable":true,"href":"https:\/\/promoalge.com.br\/index.php?rest_route=\/wp\/v2\/media\/3142"}],"wp:attachment":[{"href":"https:\/\/promoalge.com.br\/index.php?rest_route=%2Fwp%2Fv2%2Fmedia&parent=3139"}],"wp:term":[{"taxonomy":"product_brand","embeddable":true,"href":"https:\/\/promoalge.com.br\/index.php?rest_route=%2Fwp%2Fv2%2Fproduct_brand&post=3139"},{"taxonomy":"product_cat","embeddable":true,"href":"https:\/\/promoalge.com.br\/index.php?rest_route=%2Fwp%2Fv2%2Fproduct_cat&post=3139"},{"taxonomy":"product_tag","embeddable":true,"href":"https:\/\/promoalge.com.br\/index.php?rest_route=%2Fwp%2Fv2%2Fproduct_tag&post=3139"}],"curies":[{"name":"wp","href":"https:\/\/api.w.org\/{rel}","templated":true}]}}