{"id":3143,"date":"2019-02-25T12:07:43","date_gmt":"2019-02-25T15:07:43","guid":{"rendered":"http:\/\/promoalge.com.br\/?post_type=product&#038;p=3143"},"modified":"2019-02-25T12:07:43","modified_gmt":"2019-02-25T15:07:43","slug":"kit-caneta-chaveiro-porta-cartao-xp-02879","status":"publish","type":"product","link":"https:\/\/promoalge.com.br\/?product=kit-caneta-chaveiro-porta-cartao-xp-02879","title":{"rendered":"Kit Caneta, Chaveiro &#038; Porta Cart\u00e3o &#8211; XP-02879"},"content":{"rendered":"","protected":false},"excerpt":{"rendered":"<p>Conjunto com porta cart\u00e3o em Material Sint\u00e9tico\/Metal Cromado, chaveiro em Material Sint\u00e9tico\/Metal e caneta em Metal.  Incluso embalagem caixa em papel\u00e3o com ber\u00e7o para todos os itens presos com el\u00e1stico. Grava\u00e7\u00e3o a laser na caneta, chaveiro e porta cart\u00e3o e serigrafia em 1 cor na tampa.<\/p>\n","protected":false},"featured_media":3144,"template":"","meta":[],"product_brand":[],"product_cat":[407],"product_tag":[],"class_list":{"0":"post-3143","1":"product","2":"type-product","3":"status-publish","4":"has-post-thumbnail","6":"product_cat-conjuntos","8":"first","9":"instock","10":"shipping-taxable","11":"product-type-simple"},"_links":{"self":[{"href":"https:\/\/promoalge.com.br\/index.php?rest_route=\/wp\/v2\/product\/3143","targetHints":{"allow":["GET"]}}],"collection":[{"href":"https:\/\/promoalge.com.br\/index.php?rest_route=\/wp\/v2\/product"}],"about":[{"href":"https:\/\/promoalge.com.br\/index.php?rest_route=\/wp\/v2\/types\/product"}],"wp:featuredmedia":[{"embeddable":true,"href":"https:\/\/promoalge.com.br\/index.php?rest_route=\/wp\/v2\/media\/3144"}],"wp:attachment":[{"href":"https:\/\/promoalge.com.br\/index.php?rest_route=%2Fwp%2Fv2%2Fmedia&parent=3143"}],"wp:term":[{"taxonomy":"product_brand","embeddable":true,"href":"https:\/\/promoalge.com.br\/index.php?rest_route=%2Fwp%2Fv2%2Fproduct_brand&post=3143"},{"taxonomy":"product_cat","embeddable":true,"href":"https:\/\/promoalge.com.br\/index.php?rest_route=%2Fwp%2Fv2%2Fproduct_cat&post=3143"},{"taxonomy":"product_tag","embeddable":true,"href":"https:\/\/promoalge.com.br\/index.php?rest_route=%2Fwp%2Fv2%2Fproduct_tag&post=3143"}],"curies":[{"name":"wp","href":"https:\/\/api.w.org\/{rel}","templated":true}]}}