{"id":3147,"date":"2019-02-25T12:49:07","date_gmt":"2019-02-25T15:49:07","guid":{"rendered":"http:\/\/promoalge.com.br\/?post_type=product&#038;p=3147"},"modified":"2019-02-25T12:49:08","modified_gmt":"2019-02-25T15:49:08","slug":"kit-chaveiro-caneta-e-porta-cartao-pr93315","status":"publish","type":"product","link":"https:\/\/promoalge.com.br\/?product=kit-chaveiro-caneta-e-porta-cartao-pr93315","title":{"rendered":"Kit Chaveiro, Caneta e Porta Cart\u00e3o &#8211; PR93315"},"content":{"rendered":"","protected":false},"excerpt":{"rendered":"<p>Kit office incluso porta cart\u00f5es, chaveiro  em couro sint\u00e9tico, e caneta esferogr\u00e1fica com ponteira touch. Incluso caixa almofadada com ber\u00e7o. Medidas Porta cart\u00f5es: 97 x 65 x 11 mm | Chaveiro: 15 x 92 x 8 mm | Esferogr\u00e1fica: \u00f811 x 135 mm | Caixa: 174 x 163 x. Grava\u00e7\u00e3o a laser em todos os itens.<\/p>\n","protected":false},"featured_media":3150,"template":"","meta":[],"product_brand":[],"product_cat":[407],"product_tag":[],"class_list":{"0":"post-3147","1":"product","2":"type-product","3":"status-publish","4":"has-post-thumbnail","6":"product_cat-conjuntos","8":"first","9":"instock","10":"shipping-taxable","11":"product-type-simple"},"_links":{"self":[{"href":"https:\/\/promoalge.com.br\/index.php?rest_route=\/wp\/v2\/product\/3147","targetHints":{"allow":["GET"]}}],"collection":[{"href":"https:\/\/promoalge.com.br\/index.php?rest_route=\/wp\/v2\/product"}],"about":[{"href":"https:\/\/promoalge.com.br\/index.php?rest_route=\/wp\/v2\/types\/product"}],"wp:featuredmedia":[{"embeddable":true,"href":"https:\/\/promoalge.com.br\/index.php?rest_route=\/wp\/v2\/media\/3150"}],"wp:attachment":[{"href":"https:\/\/promoalge.com.br\/index.php?rest_route=%2Fwp%2Fv2%2Fmedia&parent=3147"}],"wp:term":[{"taxonomy":"product_brand","embeddable":true,"href":"https:\/\/promoalge.com.br\/index.php?rest_route=%2Fwp%2Fv2%2Fproduct_brand&post=3147"},{"taxonomy":"product_cat","embeddable":true,"href":"https:\/\/promoalge.com.br\/index.php?rest_route=%2Fwp%2Fv2%2Fproduct_cat&post=3147"},{"taxonomy":"product_tag","embeddable":true,"href":"https:\/\/promoalge.com.br\/index.php?rest_route=%2Fwp%2Fv2%2Fproduct_tag&post=3147"}],"curies":[{"name":"wp","href":"https:\/\/api.w.org\/{rel}","templated":true}]}}