{"id":3152,"date":"2019-02-25T13:13:47","date_gmt":"2019-02-25T16:13:47","guid":{"rendered":"http:\/\/promoalge.com.br\/?post_type=product&#038;p=3152"},"modified":"2019-02-25T13:13:47","modified_gmt":"2019-02-25T16:13:47","slug":"kit-chaveiro-e-porta-cartao-pr93313","status":"publish","type":"product","link":"https:\/\/promoalge.com.br\/?product=kit-chaveiro-e-porta-cartao-pr93313","title":{"rendered":"Kit Chaveiro e Porta Cart\u00e3o &#8211; PR93313"},"content":{"rendered":"","protected":false},"excerpt":{"rendered":"<p>Kit porta cart\u00f5es e chaveiro em metal e couro sint\u00e9tico. Incluso caixa almofadada medidas Chaveiro: 27 x 58 x 6 mm | Porta cart\u00f5es: 61 x 104 x 18 mm | Caixa: 153 x 142 x 33 mm. Grava\u00e7\u00e3o a laser no chaveiro e porta cart\u00e3o.<\/p>\n","protected":false},"featured_media":3156,"template":"","meta":[],"product_brand":[],"product_cat":[407],"product_tag":[],"class_list":{"0":"post-3152","1":"product","2":"type-product","3":"status-publish","4":"has-post-thumbnail","6":"product_cat-conjuntos","8":"first","9":"instock","10":"shipping-taxable","11":"product-type-simple"},"_links":{"self":[{"href":"https:\/\/promoalge.com.br\/index.php?rest_route=\/wp\/v2\/product\/3152","targetHints":{"allow":["GET"]}}],"collection":[{"href":"https:\/\/promoalge.com.br\/index.php?rest_route=\/wp\/v2\/product"}],"about":[{"href":"https:\/\/promoalge.com.br\/index.php?rest_route=\/wp\/v2\/types\/product"}],"wp:featuredmedia":[{"embeddable":true,"href":"https:\/\/promoalge.com.br\/index.php?rest_route=\/wp\/v2\/media\/3156"}],"wp:attachment":[{"href":"https:\/\/promoalge.com.br\/index.php?rest_route=%2Fwp%2Fv2%2Fmedia&parent=3152"}],"wp:term":[{"taxonomy":"product_brand","embeddable":true,"href":"https:\/\/promoalge.com.br\/index.php?rest_route=%2Fwp%2Fv2%2Fproduct_brand&post=3152"},{"taxonomy":"product_cat","embeddable":true,"href":"https:\/\/promoalge.com.br\/index.php?rest_route=%2Fwp%2Fv2%2Fproduct_cat&post=3152"},{"taxonomy":"product_tag","embeddable":true,"href":"https:\/\/promoalge.com.br\/index.php?rest_route=%2Fwp%2Fv2%2Fproduct_tag&post=3152"}],"curies":[{"name":"wp","href":"https:\/\/api.w.org\/{rel}","templated":true}]}}