{"id":3157,"date":"2019-02-25T13:19:32","date_gmt":"2019-02-25T16:19:32","guid":{"rendered":"http:\/\/promoalge.com.br\/?post_type=product&#038;p=3157"},"modified":"2019-02-25T13:19:32","modified_gmt":"2019-02-25T16:19:32","slug":"kit-chaveiro-porta-cartao-pr93314","status":"publish","type":"product","link":"https:\/\/promoalge.com.br\/?product=kit-chaveiro-porta-cartao-pr93314","title":{"rendered":"Kit Chaveiro &#038; Porta Cart\u00e3o &#8211; PR93314"},"content":{"rendered":"","protected":false},"excerpt":{"rendered":"<p>Kit de porta cart\u00f5es e chaveiro em  sint\u00e9tico e metal, medidas Chaveiro: 15 x 92 x 8 mm | Porta cart\u00f5es: 97 x 65 x 11 mm. Incluso caixa com ber\u00e7o para os itens, medidas da caixa: 154 x 143 x 34 mm. Grava\u00e7\u00e3o a laser no chaveiro e porta cart\u00e3o.<\/p>\n","protected":false},"featured_media":3162,"template":"","meta":[],"product_brand":[],"product_cat":[407],"product_tag":[],"class_list":{"0":"post-3157","1":"product","2":"type-product","3":"status-publish","4":"has-post-thumbnail","6":"product_cat-conjuntos","8":"first","9":"instock","10":"shipping-taxable","11":"product-type-simple"},"_links":{"self":[{"href":"https:\/\/promoalge.com.br\/index.php?rest_route=\/wp\/v2\/product\/3157","targetHints":{"allow":["GET"]}}],"collection":[{"href":"https:\/\/promoalge.com.br\/index.php?rest_route=\/wp\/v2\/product"}],"about":[{"href":"https:\/\/promoalge.com.br\/index.php?rest_route=\/wp\/v2\/types\/product"}],"wp:featuredmedia":[{"embeddable":true,"href":"https:\/\/promoalge.com.br\/index.php?rest_route=\/wp\/v2\/media\/3162"}],"wp:attachment":[{"href":"https:\/\/promoalge.com.br\/index.php?rest_route=%2Fwp%2Fv2%2Fmedia&parent=3157"}],"wp:term":[{"taxonomy":"product_brand","embeddable":true,"href":"https:\/\/promoalge.com.br\/index.php?rest_route=%2Fwp%2Fv2%2Fproduct_brand&post=3157"},{"taxonomy":"product_cat","embeddable":true,"href":"https:\/\/promoalge.com.br\/index.php?rest_route=%2Fwp%2Fv2%2Fproduct_cat&post=3157"},{"taxonomy":"product_tag","embeddable":true,"href":"https:\/\/promoalge.com.br\/index.php?rest_route=%2Fwp%2Fv2%2Fproduct_tag&post=3157"}],"curies":[{"name":"wp","href":"https:\/\/api.w.org\/{rel}","templated":true}]}}