{"id":3163,"date":"2019-02-25T14:10:43","date_gmt":"2019-02-25T17:10:43","guid":{"rendered":"http:\/\/promoalge.com.br\/?post_type=product&#038;p=3163"},"modified":"2020-06-04T14:44:31","modified_gmt":"2020-06-04T17:44:31","slug":"kit-caneta-pendrive-e-porta-cartao-penkit03","status":"publish","type":"product","link":"https:\/\/promoalge.com.br\/?product=kit-caneta-pendrive-e-porta-cartao-penkit03","title":{"rendered":"Kit Caneta, Pendrive &#038; Porta Cart\u00e3o &#8211; PENKIT03"},"content":{"rendered":"","protected":false},"excerpt":{"rendered":"<p>Kit Incluso Caneta com corpo met\u00e1lico\/ sint\u00e9tico, pendrive modelo girat\u00f3rio capacidade 4Gb, e porta cart\u00e3o em metal. Incluso caixa personalizada com ber\u00e7o para todos itens. Grava\u00e7\u00e3o a laser na caneta, pendrive e porta cart\u00e3o, e serigrafia em 1 cor na caixa.<\/p>\n","protected":false},"featured_media":3167,"template":"","meta":[],"product_brand":[],"product_cat":[407,417],"product_tag":[],"class_list":{"0":"post-3163","1":"product","2":"type-product","3":"status-publish","4":"has-post-thumbnail","6":"product_cat-conjuntos","7":"product_cat-pendrive-tecnologia","9":"first","10":"instock","11":"shipping-taxable","12":"product-type-simple"},"_links":{"self":[{"href":"https:\/\/promoalge.com.br\/index.php?rest_route=\/wp\/v2\/product\/3163","targetHints":{"allow":["GET"]}}],"collection":[{"href":"https:\/\/promoalge.com.br\/index.php?rest_route=\/wp\/v2\/product"}],"about":[{"href":"https:\/\/promoalge.com.br\/index.php?rest_route=\/wp\/v2\/types\/product"}],"wp:featuredmedia":[{"embeddable":true,"href":"https:\/\/promoalge.com.br\/index.php?rest_route=\/wp\/v2\/media\/3167"}],"wp:attachment":[{"href":"https:\/\/promoalge.com.br\/index.php?rest_route=%2Fwp%2Fv2%2Fmedia&parent=3163"}],"wp:term":[{"taxonomy":"product_brand","embeddable":true,"href":"https:\/\/promoalge.com.br\/index.php?rest_route=%2Fwp%2Fv2%2Fproduct_brand&post=3163"},{"taxonomy":"product_cat","embeddable":true,"href":"https:\/\/promoalge.com.br\/index.php?rest_route=%2Fwp%2Fv2%2Fproduct_cat&post=3163"},{"taxonomy":"product_tag","embeddable":true,"href":"https:\/\/promoalge.com.br\/index.php?rest_route=%2Fwp%2Fv2%2Fproduct_tag&post=3163"}],"curies":[{"name":"wp","href":"https:\/\/api.w.org\/{rel}","templated":true}]}}