{"id":3173,"date":"2019-02-25T15:41:29","date_gmt":"2019-02-25T18:41:29","guid":{"rendered":"http:\/\/promoalge.com.br\/?post_type=product&#038;p=3173"},"modified":"2019-10-04T14:40:31","modified_gmt":"2019-10-04T17:40:31","slug":"kit-caneta-molesquine-e-porta-cartao","status":"publish","type":"product","link":"https:\/\/promoalge.com.br\/?product=kit-caneta-molesquine-e-porta-cartao","title":{"rendered":"Kit Caneta, Molesquine e Porta Cart\u00e3o &#8211; PR998"},"content":{"rendered":"","protected":false},"excerpt":{"rendered":"<p>Kit executivo 3 pe\u00e7as em estojo de papel\u00e3o com tampa e parte interna revestida de espuma. Cont\u00e9m: porta cart\u00e3o de couro sint\u00e9tico texturizado com detalhes prata brilhante, caneta metal fosca com detalhe emborrachado preto, caderneta tipo moleskine em couro sint\u00e9tico com aproximadamente 80 folhas amarelas pautadas, medidas  estojo 24,9 cm x 17,5 cm \u2013 Porta Cart\u00e3o 9,8 cm x 6,5 cm \u2013 Caneta 13,4 cm x 1,5 cm \u2013 Caderneta 14 cm x 9 cm. Grava\u00e7\u00e3o a laser na caneta, porta cart\u00e3o  e caixa, e serigrafia em 1 cor na molesquine.<\/p>\n","protected":false},"featured_media":3174,"template":"","meta":[],"product_brand":[],"product_cat":[409,407],"product_tag":[],"class_list":{"0":"post-3173","1":"product","2":"type-product","3":"status-publish","4":"has-post-thumbnail","6":"product_cat-escritorio","7":"product_cat-conjuntos","9":"first","10":"instock","11":"shipping-taxable","12":"product-type-simple"},"_links":{"self":[{"href":"https:\/\/promoalge.com.br\/index.php?rest_route=\/wp\/v2\/product\/3173","targetHints":{"allow":["GET"]}}],"collection":[{"href":"https:\/\/promoalge.com.br\/index.php?rest_route=\/wp\/v2\/product"}],"about":[{"href":"https:\/\/promoalge.com.br\/index.php?rest_route=\/wp\/v2\/types\/product"}],"wp:featuredmedia":[{"embeddable":true,"href":"https:\/\/promoalge.com.br\/index.php?rest_route=\/wp\/v2\/media\/3174"}],"wp:attachment":[{"href":"https:\/\/promoalge.com.br\/index.php?rest_route=%2Fwp%2Fv2%2Fmedia&parent=3173"}],"wp:term":[{"taxonomy":"product_brand","embeddable":true,"href":"https:\/\/promoalge.com.br\/index.php?rest_route=%2Fwp%2Fv2%2Fproduct_brand&post=3173"},{"taxonomy":"product_cat","embeddable":true,"href":"https:\/\/promoalge.com.br\/index.php?rest_route=%2Fwp%2Fv2%2Fproduct_cat&post=3173"},{"taxonomy":"product_tag","embeddable":true,"href":"https:\/\/promoalge.com.br\/index.php?rest_route=%2Fwp%2Fv2%2Fproduct_tag&post=3173"}],"curies":[{"name":"wp","href":"https:\/\/api.w.org\/{rel}","templated":true}]}}