{"id":3185,"date":"2019-02-25T16:04:52","date_gmt":"2019-02-25T19:04:52","guid":{"rendered":"http:\/\/promoalge.com.br\/?post_type=product&#038;p=3185"},"modified":"2019-02-25T16:04:52","modified_gmt":"2019-02-25T19:04:52","slug":"kit-caneta-lapiseira-mouse-pendrive-prkt15","status":"publish","type":"product","link":"https:\/\/promoalge.com.br\/?product=kit-caneta-lapiseira-mouse-pendrive-prkt15","title":{"rendered":"Kit Caneta, Lapiseira, Mouse &#038; Pendrive &#8211; PRKT15"},"content":{"rendered":"","protected":false},"excerpt":{"rendered":"<p>Kit Executivo incluso:<\/p>\n<p>&#8211; Mouse wireless 2.4G em pl\u00e1stico ABS, Incluso 2 pilhas AAA, medidas 57 x 113 x 20 mm. Grava\u00e7\u00e3o serigrafia em 1 cor;<\/p>\n<p>&#8211; Pendrive modelo girat\u00f3rio capacidade 8 gb, grava\u00e7\u00e3o a laser;<\/p>\n<p>&#8211; 1 Caneta Met\u00e1lica, grava\u00e7\u00e3o a laser;<\/p>\n<p>&#8211; 1 Lapiseira Met\u00e1lica, grava\u00e7\u00e3o a laser;<\/p>\n<p>* Todos os itens acomodados em caixa de papel r\u00edgido personalizada.<\/p>\n","protected":false},"featured_media":3186,"template":"","meta":[],"product_brand":[],"product_cat":[407,417],"product_tag":[],"class_list":{"0":"post-3185","1":"product","2":"type-product","3":"status-publish","4":"has-post-thumbnail","6":"product_cat-conjuntos","7":"product_cat-pendrive-tecnologia","9":"first","10":"instock","11":"shipping-taxable","12":"product-type-simple"},"_links":{"self":[{"href":"https:\/\/promoalge.com.br\/index.php?rest_route=\/wp\/v2\/product\/3185","targetHints":{"allow":["GET"]}}],"collection":[{"href":"https:\/\/promoalge.com.br\/index.php?rest_route=\/wp\/v2\/product"}],"about":[{"href":"https:\/\/promoalge.com.br\/index.php?rest_route=\/wp\/v2\/types\/product"}],"wp:featuredmedia":[{"embeddable":true,"href":"https:\/\/promoalge.com.br\/index.php?rest_route=\/wp\/v2\/media\/3186"}],"wp:attachment":[{"href":"https:\/\/promoalge.com.br\/index.php?rest_route=%2Fwp%2Fv2%2Fmedia&parent=3185"}],"wp:term":[{"taxonomy":"product_brand","embeddable":true,"href":"https:\/\/promoalge.com.br\/index.php?rest_route=%2Fwp%2Fv2%2Fproduct_brand&post=3185"},{"taxonomy":"product_cat","embeddable":true,"href":"https:\/\/promoalge.com.br\/index.php?rest_route=%2Fwp%2Fv2%2Fproduct_cat&post=3185"},{"taxonomy":"product_tag","embeddable":true,"href":"https:\/\/promoalge.com.br\/index.php?rest_route=%2Fwp%2Fv2%2Fproduct_tag&post=3185"}],"curies":[{"name":"wp","href":"https:\/\/api.w.org\/{rel}","templated":true}]}}