{"id":3187,"date":"2019-02-25T16:12:45","date_gmt":"2019-02-25T19:12:45","guid":{"rendered":"http:\/\/promoalge.com.br\/?post_type=product&#038;p=3187"},"modified":"2019-02-25T16:12:45","modified_gmt":"2019-02-25T19:12:45","slug":"kit-caneta-chaveiro-porta-cartao-pr13106","status":"publish","type":"product","link":"https:\/\/promoalge.com.br\/?product=kit-caneta-chaveiro-porta-cartao-pr13106","title":{"rendered":"Kit Caneta, Chaveiro &#038; Porta Cart\u00e3o &#8211; PR13106"},"content":{"rendered":"","protected":false},"excerpt":{"rendered":"<p>Kit executivo com 3 pe\u00e7as em estojo, material papel\u00e3o com base emborrachada e ber\u00e7o para os itens. Conte\u00fado do Kit:1 Chaveiro metal retangular,  1 Porta Cart\u00e3o de Metal, 1 Caneta Metal. Grava\u00e7\u00e3o a laser no chaveiro, caneta e porta cart\u00e3o.<\/p>\n","protected":false},"featured_media":3188,"template":"","meta":[],"product_brand":[],"product_cat":[409,407],"product_tag":[],"class_list":{"0":"post-3187","1":"product","2":"type-product","3":"status-publish","4":"has-post-thumbnail","6":"product_cat-escritorio","7":"product_cat-conjuntos","9":"first","10":"instock","11":"shipping-taxable","12":"product-type-simple"},"_links":{"self":[{"href":"https:\/\/promoalge.com.br\/index.php?rest_route=\/wp\/v2\/product\/3187","targetHints":{"allow":["GET"]}}],"collection":[{"href":"https:\/\/promoalge.com.br\/index.php?rest_route=\/wp\/v2\/product"}],"about":[{"href":"https:\/\/promoalge.com.br\/index.php?rest_route=\/wp\/v2\/types\/product"}],"wp:featuredmedia":[{"embeddable":true,"href":"https:\/\/promoalge.com.br\/index.php?rest_route=\/wp\/v2\/media\/3188"}],"wp:attachment":[{"href":"https:\/\/promoalge.com.br\/index.php?rest_route=%2Fwp%2Fv2%2Fmedia&parent=3187"}],"wp:term":[{"taxonomy":"product_brand","embeddable":true,"href":"https:\/\/promoalge.com.br\/index.php?rest_route=%2Fwp%2Fv2%2Fproduct_brand&post=3187"},{"taxonomy":"product_cat","embeddable":true,"href":"https:\/\/promoalge.com.br\/index.php?rest_route=%2Fwp%2Fv2%2Fproduct_cat&post=3187"},{"taxonomy":"product_tag","embeddable":true,"href":"https:\/\/promoalge.com.br\/index.php?rest_route=%2Fwp%2Fv2%2Fproduct_tag&post=3187"}],"curies":[{"name":"wp","href":"https:\/\/api.w.org\/{rel}","templated":true}]}}