{"id":3197,"date":"2019-02-25T18:54:40","date_gmt":"2019-02-25T21:54:40","guid":{"rendered":"http:\/\/promoalge.com.br\/?post_type=product&#038;p=3197"},"modified":"2019-02-25T18:59:02","modified_gmt":"2019-02-25T21:59:02","slug":"kit-caneta-lapiseira-chaveiro-pr964b","status":"publish","type":"product","link":"https:\/\/promoalge.com.br\/?product=kit-caneta-lapiseira-chaveiro-pr964b","title":{"rendered":"Kit Caneta,  Chaveiro &#038; Lapiseira  &#8211; PR964B"},"content":{"rendered":"","protected":false},"excerpt":{"rendered":"<p>Kit escrit\u00f3rio incluso, caneta, lapiseira e chaveiro em metal, grava\u00e7\u00e3o a laser na caneta, chaveiro e lapiseira. Incluso embalagem em papel\u00e3o com ber\u00e7o para os itens e visor transparente.<\/p>\n","protected":false},"featured_media":3204,"template":"","meta":[],"product_brand":[],"product_cat":[407],"product_tag":[],"class_list":{"0":"post-3197","1":"product","2":"type-product","3":"status-publish","4":"has-post-thumbnail","6":"product_cat-conjuntos","8":"first","9":"instock","10":"shipping-taxable","11":"product-type-simple"},"_links":{"self":[{"href":"https:\/\/promoalge.com.br\/index.php?rest_route=\/wp\/v2\/product\/3197","targetHints":{"allow":["GET"]}}],"collection":[{"href":"https:\/\/promoalge.com.br\/index.php?rest_route=\/wp\/v2\/product"}],"about":[{"href":"https:\/\/promoalge.com.br\/index.php?rest_route=\/wp\/v2\/types\/product"}],"wp:featuredmedia":[{"embeddable":true,"href":"https:\/\/promoalge.com.br\/index.php?rest_route=\/wp\/v2\/media\/3204"}],"wp:attachment":[{"href":"https:\/\/promoalge.com.br\/index.php?rest_route=%2Fwp%2Fv2%2Fmedia&parent=3197"}],"wp:term":[{"taxonomy":"product_brand","embeddable":true,"href":"https:\/\/promoalge.com.br\/index.php?rest_route=%2Fwp%2Fv2%2Fproduct_brand&post=3197"},{"taxonomy":"product_cat","embeddable":true,"href":"https:\/\/promoalge.com.br\/index.php?rest_route=%2Fwp%2Fv2%2Fproduct_cat&post=3197"},{"taxonomy":"product_tag","embeddable":true,"href":"https:\/\/promoalge.com.br\/index.php?rest_route=%2Fwp%2Fv2%2Fproduct_tag&post=3197"}],"curies":[{"name":"wp","href":"https:\/\/api.w.org\/{rel}","templated":true}]}}