{"id":3205,"date":"2019-02-26T09:10:28","date_gmt":"2019-02-26T12:10:28","guid":{"rendered":"http:\/\/promoalge.com.br\/?post_type=product&#038;p=3205"},"modified":"2019-02-26T09:10:29","modified_gmt":"2019-02-26T12:10:29","slug":"kit-caneta-chaveiro-lapiseira-porta-cartao-pr3028","status":"publish","type":"product","link":"https:\/\/promoalge.com.br\/?product=kit-caneta-chaveiro-lapiseira-porta-cartao-pr3028","title":{"rendered":"Kit Caneta, Chaveiro, Lapiseira &#038; Porta Cart\u00e3o &#8211; PR3028"},"content":{"rendered":"","protected":false},"excerpt":{"rendered":"<p>Kit executivo com 4 pe\u00e7as em estojo, Conte\u00fado do Kit: 1 Chaveiro metal retangular, 1 Porta Cart\u00e3o, 1 Lapiseira Metal, 1 Caneta Metal. Grava\u00e7\u00e3o a laser na caneta, lapiseira, chaveiro e porta cart\u00e3o. Incluso embalagem em papel\u00e3o r\u00edgido com ber\u00e7o para os itens, e visor transparente.<\/p>\n","protected":false},"featured_media":3211,"template":"","meta":[],"product_brand":[],"product_cat":[407],"product_tag":[],"class_list":{"0":"post-3205","1":"product","2":"type-product","3":"status-publish","4":"has-post-thumbnail","6":"product_cat-conjuntos","8":"first","9":"instock","10":"shipping-taxable","11":"product-type-simple"},"_links":{"self":[{"href":"https:\/\/promoalge.com.br\/index.php?rest_route=\/wp\/v2\/product\/3205","targetHints":{"allow":["GET"]}}],"collection":[{"href":"https:\/\/promoalge.com.br\/index.php?rest_route=\/wp\/v2\/product"}],"about":[{"href":"https:\/\/promoalge.com.br\/index.php?rest_route=\/wp\/v2\/types\/product"}],"wp:featuredmedia":[{"embeddable":true,"href":"https:\/\/promoalge.com.br\/index.php?rest_route=\/wp\/v2\/media\/3211"}],"wp:attachment":[{"href":"https:\/\/promoalge.com.br\/index.php?rest_route=%2Fwp%2Fv2%2Fmedia&parent=3205"}],"wp:term":[{"taxonomy":"product_brand","embeddable":true,"href":"https:\/\/promoalge.com.br\/index.php?rest_route=%2Fwp%2Fv2%2Fproduct_brand&post=3205"},{"taxonomy":"product_cat","embeddable":true,"href":"https:\/\/promoalge.com.br\/index.php?rest_route=%2Fwp%2Fv2%2Fproduct_cat&post=3205"},{"taxonomy":"product_tag","embeddable":true,"href":"https:\/\/promoalge.com.br\/index.php?rest_route=%2Fwp%2Fv2%2Fproduct_tag&post=3205"}],"curies":[{"name":"wp","href":"https:\/\/api.w.org\/{rel}","templated":true}]}}