{"id":322,"date":"2018-06-14T17:11:49","date_gmt":"2018-06-14T20:11:49","guid":{"rendered":"http:\/\/promoalge.com.br\/?product=import-placeholder-for-3934"},"modified":"2018-06-14T17:14:01","modified_gmt":"2018-06-14T20:14:01","slug":"caneta-aluminio-com-marca-texto-pr200b","status":"publish","type":"product","link":"https:\/\/promoalge.com.br\/?product=caneta-aluminio-com-marca-texto-pr200b","title":{"rendered":"Caneta Alum\u00ednio com Marca Texto &#8211; PR200B"},"content":{"rendered":"<p>&nbsp;<\/p>\n<div id='gallery-1' class='gallery galleryid-322 gallery-columns-3 gallery-size-thumbnail'><figure class='gallery-item'>\n\t\t\t<div class='gallery-icon landscape'>\n\t\t\t\t<a href='https:\/\/promoalge.com.br\/?attachment_id=3817'><img loading=\"lazy\" decoding=\"async\" width=\"150\" height=\"150\" src=\"https:\/\/promoalge.com.br\/wp-content\/uploads\/2019\/07\/PR98406_06-150x150.jpg\" class=\"attachment-thumbnail size-thumbnail\" alt=\"\" srcset=\"https:\/\/promoalge.com.br\/wp-content\/uploads\/2019\/07\/PR98406_06-150x150.jpg 150w, https:\/\/promoalge.com.br\/wp-content\/uploads\/2019\/07\/PR98406_06-300x300.jpg 300w, https:\/\/promoalge.com.br\/wp-content\/uploads\/2019\/07\/PR98406_06.jpg 600w, https:\/\/promoalge.com.br\/wp-content\/uploads\/2019\/07\/PR98406_06-100x100.jpg 100w\" sizes=\"auto, (max-width: 150px) 100vw, 150px\" \/><\/a>\n\t\t\t<\/div><\/figure><figure class='gallery-item'>\n\t\t\t<div class='gallery-icon landscape'>\n\t\t\t\t<a href='https:\/\/promoalge.com.br\/?attachment_id=3818'><img loading=\"lazy\" decoding=\"async\" width=\"150\" height=\"150\" src=\"https:\/\/promoalge.com.br\/wp-content\/uploads\/2019\/07\/PR98406_22-150x150.jpg\" class=\"attachment-thumbnail size-thumbnail\" alt=\"\" srcset=\"https:\/\/promoalge.com.br\/wp-content\/uploads\/2019\/07\/PR98406_22-150x150.jpg 150w, https:\/\/promoalge.com.br\/wp-content\/uploads\/2019\/07\/PR98406_22-300x300.jpg 300w, https:\/\/promoalge.com.br\/wp-content\/uploads\/2019\/07\/PR98406_22.jpg 600w, https:\/\/promoalge.com.br\/wp-content\/uploads\/2019\/07\/PR98406_22-100x100.jpg 100w\" sizes=\"auto, (max-width: 150px) 100vw, 150px\" \/><\/a>\n\t\t\t<\/div><\/figure>\n\t\t<\/div>\n\n<p>Caneta de alum\u00ednio com marca texto, inteira colorida com detalhes prata e preto. Marca texto sempre amarelo e tampa de prote\u00e7\u00e3o preta, aciona por giro.\u00a0Grava\u00e7\u00e3o a laser.<\/p>\n","protected":false},"excerpt":{"rendered":"<p>Caneta de alum\u00ednio com marca texto, inteira colorida com detalhes prata e preto. Marca texto sempre amarelo e tampa de prote\u00e7\u00e3o preta, aciona por giro.\u00a0Grava\u00e7\u00e3o a laser.<\/p>\n","protected":false},"featured_media":379,"template":"","meta":[],"product_brand":[],"product_cat":[346],"product_tag":[],"class_list":{"0":"post-322","1":"product","2":"type-product","3":"status-publish","4":"has-post-thumbnail","6":"product_cat-canetas-metalicas","8":"first","9":"instock","10":"shipping-taxable","11":"product-type-simple"},"_links":{"self":[{"href":"https:\/\/promoalge.com.br\/index.php?rest_route=\/wp\/v2\/product\/322","targetHints":{"allow":["GET"]}}],"collection":[{"href":"https:\/\/promoalge.com.br\/index.php?rest_route=\/wp\/v2\/product"}],"about":[{"href":"https:\/\/promoalge.com.br\/index.php?rest_route=\/wp\/v2\/types\/product"}],"wp:featuredmedia":[{"embeddable":true,"href":"https:\/\/promoalge.com.br\/index.php?rest_route=\/wp\/v2\/media\/379"}],"wp:attachment":[{"href":"https:\/\/promoalge.com.br\/index.php?rest_route=%2Fwp%2Fv2%2Fmedia&parent=322"}],"wp:term":[{"taxonomy":"product_brand","embeddable":true,"href":"https:\/\/promoalge.com.br\/index.php?rest_route=%2Fwp%2Fv2%2Fproduct_brand&post=322"},{"taxonomy":"product_cat","embeddable":true,"href":"https:\/\/promoalge.com.br\/index.php?rest_route=%2Fwp%2Fv2%2Fproduct_cat&post=322"},{"taxonomy":"product_tag","embeddable":true,"href":"https:\/\/promoalge.com.br\/index.php?rest_route=%2Fwp%2Fv2%2Fproduct_tag&post=322"}],"curies":[{"name":"wp","href":"https:\/\/api.w.org\/{rel}","templated":true}]}}