{"id":3226,"date":"2019-02-26T13:10:46","date_gmt":"2019-02-26T16:10:46","guid":{"rendered":"http:\/\/promoalge.com.br\/?post_type=product&#038;p=3226"},"modified":"2019-02-26T13:10:46","modified_gmt":"2019-02-26T16:10:46","slug":"kit-caneta-canivete-chaveiro-lapiseira-pr963","status":"publish","type":"product","link":"https:\/\/promoalge.com.br\/?product=kit-caneta-canivete-chaveiro-lapiseira-pr963","title":{"rendered":"Kit Caneta, Canivete, Chaveiro &#038; Lapiseira &#8211; PR963"},"content":{"rendered":"","protected":false},"excerpt":{"rendered":"<p>Kit executivo com 4 pe\u00e7as em estojo de papel\u00e3o com visor pl\u00e1stico. Possui uma caneta e lapiseira prata em metal com vinte e quatro furos na parte inferior, acionam por clique. Chaveiro metal retangular com chapa central fosca e verso brilhante. Canivete metal 7 fun\u00e7\u00f5es com detalhes emborrachados preto(tr\u00eas linhas frente e verso). Possui: l\u00e2mina de corte, mini tesoura, abridor de lata, abridor de garrafa, chave phillips, lixa e saca rolhas, medidas estojo 13 cm x 14 cm \u2013 Caneta\/Lapiseira 13,7 cm x 1,4 cm \u2013 Chaveiro 7,9 cm x 3,1 cm \u2013 Canivete 9,2 cm x 2,5 cm. Grava\u00e7\u00e3o a laser nos 4 itens.<\/p>\n","protected":false},"featured_media":3227,"template":"","meta":[],"product_brand":[],"product_cat":[411,407],"product_tag":[],"class_list":{"0":"post-3226","1":"product","2":"type-product","3":"status-publish","4":"has-post-thumbnail","6":"product_cat-ferramentas","7":"product_cat-conjuntos","9":"first","10":"instock","11":"shipping-taxable","12":"product-type-simple"},"_links":{"self":[{"href":"https:\/\/promoalge.com.br\/index.php?rest_route=\/wp\/v2\/product\/3226","targetHints":{"allow":["GET"]}}],"collection":[{"href":"https:\/\/promoalge.com.br\/index.php?rest_route=\/wp\/v2\/product"}],"about":[{"href":"https:\/\/promoalge.com.br\/index.php?rest_route=\/wp\/v2\/types\/product"}],"wp:featuredmedia":[{"embeddable":true,"href":"https:\/\/promoalge.com.br\/index.php?rest_route=\/wp\/v2\/media\/3227"}],"wp:attachment":[{"href":"https:\/\/promoalge.com.br\/index.php?rest_route=%2Fwp%2Fv2%2Fmedia&parent=3226"}],"wp:term":[{"taxonomy":"product_brand","embeddable":true,"href":"https:\/\/promoalge.com.br\/index.php?rest_route=%2Fwp%2Fv2%2Fproduct_brand&post=3226"},{"taxonomy":"product_cat","embeddable":true,"href":"https:\/\/promoalge.com.br\/index.php?rest_route=%2Fwp%2Fv2%2Fproduct_cat&post=3226"},{"taxonomy":"product_tag","embeddable":true,"href":"https:\/\/promoalge.com.br\/index.php?rest_route=%2Fwp%2Fv2%2Fproduct_tag&post=3226"}],"curies":[{"name":"wp","href":"https:\/\/api.w.org\/{rel}","templated":true}]}}