{"id":3238,"date":"2019-02-26T13:32:14","date_gmt":"2019-02-26T16:32:14","guid":{"rendered":"http:\/\/promoalge.com.br\/?post_type=product&#038;p=3238"},"modified":"2019-02-26T13:32:14","modified_gmt":"2019-02-26T16:32:14","slug":"kit-caneta-pendrive-penkit02","status":"publish","type":"product","link":"https:\/\/promoalge.com.br\/?product=kit-caneta-pendrive-penkit02","title":{"rendered":"Kit Caneta &#038; Pendrive &#8211; PENKIT02"},"content":{"rendered":"","protected":false},"excerpt":{"rendered":"<p>Kit executivo com pendrive de sint\u00e9tico capacidade 8 gb, e caneta met\u00e1lica com sint\u00e9tico, incluso embalagem em papel\u00e3o r\u00edgido com ber\u00e7o para acomodar os itens presos com el\u00e1stico. Grava\u00e7\u00e3o a laser na caneta e pendrive e serigrafia em 1 cor na caixa.<\/p>\n","protected":false},"featured_media":3240,"template":"","meta":[],"product_brand":[],"product_cat":[407,417],"product_tag":[],"class_list":{"0":"post-3238","1":"product","2":"type-product","3":"status-publish","4":"has-post-thumbnail","6":"product_cat-conjuntos","7":"product_cat-pendrive-tecnologia","9":"first","10":"instock","11":"shipping-taxable","12":"product-type-simple"},"_links":{"self":[{"href":"https:\/\/promoalge.com.br\/index.php?rest_route=\/wp\/v2\/product\/3238","targetHints":{"allow":["GET"]}}],"collection":[{"href":"https:\/\/promoalge.com.br\/index.php?rest_route=\/wp\/v2\/product"}],"about":[{"href":"https:\/\/promoalge.com.br\/index.php?rest_route=\/wp\/v2\/types\/product"}],"wp:featuredmedia":[{"embeddable":true,"href":"https:\/\/promoalge.com.br\/index.php?rest_route=\/wp\/v2\/media\/3240"}],"wp:attachment":[{"href":"https:\/\/promoalge.com.br\/index.php?rest_route=%2Fwp%2Fv2%2Fmedia&parent=3238"}],"wp:term":[{"taxonomy":"product_brand","embeddable":true,"href":"https:\/\/promoalge.com.br\/index.php?rest_route=%2Fwp%2Fv2%2Fproduct_brand&post=3238"},{"taxonomy":"product_cat","embeddable":true,"href":"https:\/\/promoalge.com.br\/index.php?rest_route=%2Fwp%2Fv2%2Fproduct_cat&post=3238"},{"taxonomy":"product_tag","embeddable":true,"href":"https:\/\/promoalge.com.br\/index.php?rest_route=%2Fwp%2Fv2%2Fproduct_tag&post=3238"}],"curies":[{"name":"wp","href":"https:\/\/api.w.org\/{rel}","templated":true}]}}