{"id":3247,"date":"2019-02-26T16:29:53","date_gmt":"2019-02-26T19:29:53","guid":{"rendered":"http:\/\/promoalge.com.br\/?post_type=product&#038;p=3247"},"modified":"2019-02-26T16:29:53","modified_gmt":"2019-02-26T19:29:53","slug":"fone-de-ouvido-pr2789","status":"publish","type":"product","link":"https:\/\/promoalge.com.br\/?product=fone-de-ouvido-pr2789","title":{"rendered":"Fone de Ouvido &#8211; PR2789"},"content":{"rendered":"","protected":false},"excerpt":{"rendered":"<p>Fone de ouvido est\u00e9reo com microfone e controle de volume. Fone de ouvido pl\u00e1stico na cor branca, entrada P2, possui indicativo L(left) e R(right) na \u00e1rea interna do fone, detalhes internos vazados no fone(possibilita a vis\u00e3o da tela de prote\u00e7\u00e3o), microfone acoplado no suporte com desenho indicativo e no verso do suporte controle de volume com desenho indicativo \u2013 e +. Acompanha embalagem pl\u00e1stica branca com tampa acr\u00edlica transparente. OBS.: Bot\u00f5es de volumes funcionam apenas em aparelhos da linha APPLE. Grava\u00e7\u00e3o serigrafia em 1 cor.<\/p>\n","protected":false},"featured_media":3251,"template":"","meta":[],"product_brand":[],"product_cat":[353,417],"product_tag":[],"class_list":{"0":"post-3247","1":"product","2":"type-product","3":"status-publish","4":"has-post-thumbnail","6":"product_cat-diversos","7":"product_cat-pendrive-tecnologia","9":"first","10":"instock","11":"shipping-taxable","12":"product-type-simple"},"_links":{"self":[{"href":"https:\/\/promoalge.com.br\/index.php?rest_route=\/wp\/v2\/product\/3247","targetHints":{"allow":["GET"]}}],"collection":[{"href":"https:\/\/promoalge.com.br\/index.php?rest_route=\/wp\/v2\/product"}],"about":[{"href":"https:\/\/promoalge.com.br\/index.php?rest_route=\/wp\/v2\/types\/product"}],"wp:featuredmedia":[{"embeddable":true,"href":"https:\/\/promoalge.com.br\/index.php?rest_route=\/wp\/v2\/media\/3251"}],"wp:attachment":[{"href":"https:\/\/promoalge.com.br\/index.php?rest_route=%2Fwp%2Fv2%2Fmedia&parent=3247"}],"wp:term":[{"taxonomy":"product_brand","embeddable":true,"href":"https:\/\/promoalge.com.br\/index.php?rest_route=%2Fwp%2Fv2%2Fproduct_brand&post=3247"},{"taxonomy":"product_cat","embeddable":true,"href":"https:\/\/promoalge.com.br\/index.php?rest_route=%2Fwp%2Fv2%2Fproduct_cat&post=3247"},{"taxonomy":"product_tag","embeddable":true,"href":"https:\/\/promoalge.com.br\/index.php?rest_route=%2Fwp%2Fv2%2Fproduct_tag&post=3247"}],"curies":[{"name":"wp","href":"https:\/\/api.w.org\/{rel}","templated":true}]}}