{"id":3312,"date":"2019-03-29T19:53:03","date_gmt":"2019-03-29T22:53:03","guid":{"rendered":"http:\/\/promoalge.com.br\/?post_type=product&#038;p=3312"},"modified":"2020-03-04T18:39:08","modified_gmt":"2020-03-04T21:39:08","slug":"garrafa-inox-750ml-prga4600","status":"publish","type":"product","link":"https:\/\/promoalge.com.br\/?product=garrafa-inox-750ml-prga4600","title":{"rendered":"Garrafa Inox 750ml &#8211; PRGA4600"},"content":{"rendered":"","protected":false},"excerpt":{"rendered":"<p>Garrafa em inox de alta qualidade, capacidade 750 ml, Medidas: 27 x 7,3cm. Possui tampa, pode ser utilizada com l\u00edquidos quentes ou frios. Observa\u00e7\u00e3o: n\u00e3o colocar no fog\u00e3o ou micro-ondas. Grava\u00e7\u00e3o serigrafia em 1 cor ou laser.<\/p>\n","protected":false},"featured_media":4892,"template":"","meta":[],"product_brand":[],"product_cat":[237],"product_tag":[],"class_list":{"0":"post-3312","1":"product","2":"type-product","3":"status-publish","4":"has-post-thumbnail","6":"product_cat-metalicas","8":"first","9":"instock","10":"shipping-taxable","11":"product-type-simple"},"_links":{"self":[{"href":"https:\/\/promoalge.com.br\/index.php?rest_route=\/wp\/v2\/product\/3312","targetHints":{"allow":["GET"]}}],"collection":[{"href":"https:\/\/promoalge.com.br\/index.php?rest_route=\/wp\/v2\/product"}],"about":[{"href":"https:\/\/promoalge.com.br\/index.php?rest_route=\/wp\/v2\/types\/product"}],"wp:featuredmedia":[{"embeddable":true,"href":"https:\/\/promoalge.com.br\/index.php?rest_route=\/wp\/v2\/media\/4892"}],"wp:attachment":[{"href":"https:\/\/promoalge.com.br\/index.php?rest_route=%2Fwp%2Fv2%2Fmedia&parent=3312"}],"wp:term":[{"taxonomy":"product_brand","embeddable":true,"href":"https:\/\/promoalge.com.br\/index.php?rest_route=%2Fwp%2Fv2%2Fproduct_brand&post=3312"},{"taxonomy":"product_cat","embeddable":true,"href":"https:\/\/promoalge.com.br\/index.php?rest_route=%2Fwp%2Fv2%2Fproduct_cat&post=3312"},{"taxonomy":"product_tag","embeddable":true,"href":"https:\/\/promoalge.com.br\/index.php?rest_route=%2Fwp%2Fv2%2Fproduct_tag&post=3312"}],"curies":[{"name":"wp","href":"https:\/\/api.w.org\/{rel}","templated":true}]}}