{"id":3349,"date":"2019-04-03T18:31:26","date_gmt":"2019-04-03T21:31:26","guid":{"rendered":"http:\/\/promoalge.com.br\/?post_type=product&#038;p=3349"},"modified":"2019-04-03T18:31:27","modified_gmt":"2019-04-03T21:31:27","slug":"caneta-plastica-pr81124","status":"publish","type":"product","link":"https:\/\/promoalge.com.br\/?product=caneta-plastica-pr81124","title":{"rendered":"Caneta Pl\u00e1stica &#8211; PR81124"},"content":{"rendered":"","protected":false},"excerpt":{"rendered":"<p>Caneta esferogr\u00e1fica com corpo pl\u00e1stico, grava\u00e7\u00e3o serigrafia em 1 cor.<\/p>\n","protected":false},"featured_media":3350,"template":"","meta":[],"product_brand":[],"product_cat":[18],"product_tag":[],"class_list":{"0":"post-3349","1":"product","2":"type-product","3":"status-publish","4":"has-post-thumbnail","6":"product_cat-canetas-plastica","8":"first","9":"instock","10":"shipping-taxable","11":"product-type-simple"},"_links":{"self":[{"href":"https:\/\/promoalge.com.br\/index.php?rest_route=\/wp\/v2\/product\/3349","targetHints":{"allow":["GET"]}}],"collection":[{"href":"https:\/\/promoalge.com.br\/index.php?rest_route=\/wp\/v2\/product"}],"about":[{"href":"https:\/\/promoalge.com.br\/index.php?rest_route=\/wp\/v2\/types\/product"}],"wp:featuredmedia":[{"embeddable":true,"href":"https:\/\/promoalge.com.br\/index.php?rest_route=\/wp\/v2\/media\/3350"}],"wp:attachment":[{"href":"https:\/\/promoalge.com.br\/index.php?rest_route=%2Fwp%2Fv2%2Fmedia&parent=3349"}],"wp:term":[{"taxonomy":"product_brand","embeddable":true,"href":"https:\/\/promoalge.com.br\/index.php?rest_route=%2Fwp%2Fv2%2Fproduct_brand&post=3349"},{"taxonomy":"product_cat","embeddable":true,"href":"https:\/\/promoalge.com.br\/index.php?rest_route=%2Fwp%2Fv2%2Fproduct_cat&post=3349"},{"taxonomy":"product_tag","embeddable":true,"href":"https:\/\/promoalge.com.br\/index.php?rest_route=%2Fwp%2Fv2%2Fproduct_tag&post=3349"}],"curies":[{"name":"wp","href":"https:\/\/api.w.org\/{rel}","templated":true}]}}