{"id":3366,"date":"2019-04-04T16:32:34","date_gmt":"2019-04-04T19:32:34","guid":{"rendered":"http:\/\/promoalge.com.br\/?post_type=product&#038;p=3366"},"modified":"2020-06-19T12:58:17","modified_gmt":"2020-06-19T15:58:17","slug":"necessaire-mpn20128","status":"publish","type":"product","link":"https:\/\/promoalge.com.br\/?product=necessaire-mpn20128","title":{"rendered":"Necessaire &#8211; MPN20128"},"content":{"rendered":"","protected":false},"excerpt":{"rendered":"<p>Necessaire Retangular com Al\u00e7a de M\u00e3o produzida em PVC Cristal 03 0mm Transparente, Z\u00edper de Nylon, Cursor Niquelado, Medidas 20 cm largura x 12 cm altura x 8 cm profundidade. Grava\u00e7\u00e3o serigrafia em 1 cor.<\/p>\n","protected":false},"featured_media":3373,"template":"","meta":[],"product_brand":[],"product_cat":[416],"product_tag":[],"class_list":{"0":"post-3366","1":"product","2":"type-product","3":"status-publish","4":"has-post-thumbnail","6":"product_cat-necessaire","8":"first","9":"instock","10":"shipping-taxable","11":"product-type-simple"},"_links":{"self":[{"href":"https:\/\/promoalge.com.br\/index.php?rest_route=\/wp\/v2\/product\/3366","targetHints":{"allow":["GET"]}}],"collection":[{"href":"https:\/\/promoalge.com.br\/index.php?rest_route=\/wp\/v2\/product"}],"about":[{"href":"https:\/\/promoalge.com.br\/index.php?rest_route=\/wp\/v2\/types\/product"}],"wp:featuredmedia":[{"embeddable":true,"href":"https:\/\/promoalge.com.br\/index.php?rest_route=\/wp\/v2\/media\/3373"}],"wp:attachment":[{"href":"https:\/\/promoalge.com.br\/index.php?rest_route=%2Fwp%2Fv2%2Fmedia&parent=3366"}],"wp:term":[{"taxonomy":"product_brand","embeddable":true,"href":"https:\/\/promoalge.com.br\/index.php?rest_route=%2Fwp%2Fv2%2Fproduct_brand&post=3366"},{"taxonomy":"product_cat","embeddable":true,"href":"https:\/\/promoalge.com.br\/index.php?rest_route=%2Fwp%2Fv2%2Fproduct_cat&post=3366"},{"taxonomy":"product_tag","embeddable":true,"href":"https:\/\/promoalge.com.br\/index.php?rest_route=%2Fwp%2Fv2%2Fproduct_tag&post=3366"}],"curies":[{"name":"wp","href":"https:\/\/api.w.org\/{rel}","templated":true}]}}