{"id":3416,"date":"2019-04-17T11:31:44","date_gmt":"2019-04-17T14:31:44","guid":{"rendered":"http:\/\/promoalge.com.br\/?post_type=product&#038;p=3416"},"modified":"2019-04-17T11:31:45","modified_gmt":"2019-04-17T14:31:45","slug":"kit-caipirinha-ke01423","status":"publish","type":"product","link":"https:\/\/promoalge.com.br\/?product=kit-caipirinha-ke01423","title":{"rendered":"Kit Caipirinha &#8211; KE01423"},"content":{"rendered":"","protected":false},"excerpt":{"rendered":"<p>Kit caipirinha com t\u00e1bua em Bambu, faca para frutas 4&#8243; em Inox\/Bambu, pil\u00e3o, colher de 18 cm e base para a t\u00e1bua em Bambu, coqueteleira em A\u00e7o Inox e avental com bolso em Brim preto. Acomodados em uma linda caixa para presente. Grava\u00e7\u00e3o a laser na tabua e coqueteleira, e serigrafia em 1 cor no avental e caixa.<\/p>\n","protected":false},"featured_media":3421,"template":"","meta":[],"product_brand":[],"product_cat":[49],"product_tag":[],"class_list":{"0":"post-3416","1":"product","2":"type-product","3":"status-publish","4":"has-post-thumbnail","6":"product_cat-bar-queijo-vinhos","8":"first","9":"instock","10":"shipping-taxable","11":"product-type-simple"},"_links":{"self":[{"href":"https:\/\/promoalge.com.br\/index.php?rest_route=\/wp\/v2\/product\/3416","targetHints":{"allow":["GET"]}}],"collection":[{"href":"https:\/\/promoalge.com.br\/index.php?rest_route=\/wp\/v2\/product"}],"about":[{"href":"https:\/\/promoalge.com.br\/index.php?rest_route=\/wp\/v2\/types\/product"}],"wp:featuredmedia":[{"embeddable":true,"href":"https:\/\/promoalge.com.br\/index.php?rest_route=\/wp\/v2\/media\/3421"}],"wp:attachment":[{"href":"https:\/\/promoalge.com.br\/index.php?rest_route=%2Fwp%2Fv2%2Fmedia&parent=3416"}],"wp:term":[{"taxonomy":"product_brand","embeddable":true,"href":"https:\/\/promoalge.com.br\/index.php?rest_route=%2Fwp%2Fv2%2Fproduct_brand&post=3416"},{"taxonomy":"product_cat","embeddable":true,"href":"https:\/\/promoalge.com.br\/index.php?rest_route=%2Fwp%2Fv2%2Fproduct_cat&post=3416"},{"taxonomy":"product_tag","embeddable":true,"href":"https:\/\/promoalge.com.br\/index.php?rest_route=%2Fwp%2Fv2%2Fproduct_tag&post=3416"}],"curies":[{"name":"wp","href":"https:\/\/api.w.org\/{rel}","templated":true}]}}