{"id":3422,"date":"2019-04-17T18:02:47","date_gmt":"2019-04-17T21:02:47","guid":{"rendered":"http:\/\/promoalge.com.br\/?post_type=product&#038;p=3422"},"modified":"2019-04-17T18:02:48","modified_gmt":"2019-04-17T21:02:48","slug":"kit-vinho-com-decanter-kt90067","status":"publish","type":"product","link":"https:\/\/promoalge.com.br\/?product=kit-vinho-com-decanter-kt90067","title":{"rendered":"Kit Vinho com Decanter &#8211; KT90067"},"content":{"rendered":"","protected":false},"excerpt":{"rendered":"<p>Kit para Vinho Conta com decanter capacidade 950 ml e duas ta\u00e7as em Vidro para vinho, possui abridor em meta e dois porta copos em MDF.  Grava\u00e7\u00e3o serigrafia em 1 cor na caixa, e laser nas ta\u00e7as e decanter. Incluso caixa com ber\u00e7o para os itens.<\/p>\n","protected":false},"featured_media":3423,"template":"","meta":[],"product_brand":[],"product_cat":[49],"product_tag":[],"class_list":{"0":"post-3422","1":"product","2":"type-product","3":"status-publish","4":"has-post-thumbnail","6":"product_cat-bar-queijo-vinhos","8":"first","9":"instock","10":"shipping-taxable","11":"product-type-simple"},"_links":{"self":[{"href":"https:\/\/promoalge.com.br\/index.php?rest_route=\/wp\/v2\/product\/3422","targetHints":{"allow":["GET"]}}],"collection":[{"href":"https:\/\/promoalge.com.br\/index.php?rest_route=\/wp\/v2\/product"}],"about":[{"href":"https:\/\/promoalge.com.br\/index.php?rest_route=\/wp\/v2\/types\/product"}],"wp:featuredmedia":[{"embeddable":true,"href":"https:\/\/promoalge.com.br\/index.php?rest_route=\/wp\/v2\/media\/3423"}],"wp:attachment":[{"href":"https:\/\/promoalge.com.br\/index.php?rest_route=%2Fwp%2Fv2%2Fmedia&parent=3422"}],"wp:term":[{"taxonomy":"product_brand","embeddable":true,"href":"https:\/\/promoalge.com.br\/index.php?rest_route=%2Fwp%2Fv2%2Fproduct_brand&post=3422"},{"taxonomy":"product_cat","embeddable":true,"href":"https:\/\/promoalge.com.br\/index.php?rest_route=%2Fwp%2Fv2%2Fproduct_cat&post=3422"},{"taxonomy":"product_tag","embeddable":true,"href":"https:\/\/promoalge.com.br\/index.php?rest_route=%2Fwp%2Fv2%2Fproduct_tag&post=3422"}],"curies":[{"name":"wp","href":"https:\/\/api.w.org\/{rel}","templated":true}]}}