{"id":3426,"date":"2019-04-17T18:20:46","date_gmt":"2019-04-17T21:20:46","guid":{"rendered":"http:\/\/promoalge.com.br\/?post_type=product&#038;p=3426"},"modified":"2019-04-17T18:22:43","modified_gmt":"2019-04-17T21:22:43","slug":"kit-churrasco-cerveja-e-truco-kt90079","status":"publish","type":"product","link":"https:\/\/promoalge.com.br\/?product=kit-churrasco-cerveja-e-truco-kt90079","title":{"rendered":"Kit Churrasco, Cerveja E Truco &#8211; KT90079"},"content":{"rendered":"","protected":false},"excerpt":{"rendered":"<p>Conjunto para Churrasco \/ Cerveja \/ Truco. Acompanha t\u00e1bua com tr\u00eas furos em Bambu; faca 8&#8221; e garfo em Bambu\/Inox; quatro copos de cerveja em Vidro; bloco de anota\u00e7\u00e3o; caneta esferogr\u00e1fica; jogo de cartas. Grava\u00e7\u00e3o a Laser nos copos, na t\u00e1bua, na l\u00e2mina da faca e na tampa da caixa. Incluso caixa com ber\u00e7o para os itens.<\/p>\n","protected":false},"featured_media":3429,"template":"","meta":[],"product_brand":[],"product_cat":[49,412],"product_tag":[],"class_list":{"0":"post-3426","1":"product","2":"type-product","3":"status-publish","4":"has-post-thumbnail","6":"product_cat-bar-queijo-vinhos","7":"product_cat-kits-churrasco","9":"first","10":"instock","11":"shipping-taxable","12":"product-type-simple"},"_links":{"self":[{"href":"https:\/\/promoalge.com.br\/index.php?rest_route=\/wp\/v2\/product\/3426","targetHints":{"allow":["GET"]}}],"collection":[{"href":"https:\/\/promoalge.com.br\/index.php?rest_route=\/wp\/v2\/product"}],"about":[{"href":"https:\/\/promoalge.com.br\/index.php?rest_route=\/wp\/v2\/types\/product"}],"wp:featuredmedia":[{"embeddable":true,"href":"https:\/\/promoalge.com.br\/index.php?rest_route=\/wp\/v2\/media\/3429"}],"wp:attachment":[{"href":"https:\/\/promoalge.com.br\/index.php?rest_route=%2Fwp%2Fv2%2Fmedia&parent=3426"}],"wp:term":[{"taxonomy":"product_brand","embeddable":true,"href":"https:\/\/promoalge.com.br\/index.php?rest_route=%2Fwp%2Fv2%2Fproduct_brand&post=3426"},{"taxonomy":"product_cat","embeddable":true,"href":"https:\/\/promoalge.com.br\/index.php?rest_route=%2Fwp%2Fv2%2Fproduct_cat&post=3426"},{"taxonomy":"product_tag","embeddable":true,"href":"https:\/\/promoalge.com.br\/index.php?rest_route=%2Fwp%2Fv2%2Fproduct_tag&post=3426"}],"curies":[{"name":"wp","href":"https:\/\/api.w.org\/{rel}","templated":true}]}}