{"id":345,"date":"2018-06-14T17:12:41","date_gmt":"2018-06-14T20:12:41","guid":{"rendered":"http:\/\/promoalge.com.br\/?product=import-placeholder-for-3981"},"modified":"2018-06-14T17:15:05","modified_gmt":"2018-06-14T20:15:05","slug":"copo-espiral-700-ml-cpesp","status":"publish","type":"product","link":"https:\/\/promoalge.com.br\/?product=copo-espiral-700-ml-cpesp","title":{"rendered":"Copo Espiral 700 ml &#8211; CPESP"},"content":{"rendered":"<p>&nbsp;<\/p>\n<p>Copo espiral com tampa e canudo, Capacidade: 700 ml, Dimens\u00e3o: 27 x 21 cm. Grava\u00e7\u00e3o serigrafia.<\/p>\n","protected":false},"excerpt":{"rendered":"<p>Copo espiral com tampa e canudo, Capacidade: 700 ml, Dimens\u00e3o: 27 x 21 cm. Grava\u00e7\u00e3o serigrafia.<\/p>\n","protected":false},"featured_media":400,"template":"","meta":[],"product_brand":[],"product_cat":[251],"product_tag":[],"class_list":{"0":"post-345","1":"product","2":"type-product","3":"status-publish","4":"has-post-thumbnail","6":"product_cat-plastica-canecas-copos-garrafas","8":"first","9":"instock","10":"shipping-taxable","11":"product-type-simple"},"_links":{"self":[{"href":"https:\/\/promoalge.com.br\/index.php?rest_route=\/wp\/v2\/product\/345","targetHints":{"allow":["GET"]}}],"collection":[{"href":"https:\/\/promoalge.com.br\/index.php?rest_route=\/wp\/v2\/product"}],"about":[{"href":"https:\/\/promoalge.com.br\/index.php?rest_route=\/wp\/v2\/types\/product"}],"wp:featuredmedia":[{"embeddable":true,"href":"https:\/\/promoalge.com.br\/index.php?rest_route=\/wp\/v2\/media\/400"}],"wp:attachment":[{"href":"https:\/\/promoalge.com.br\/index.php?rest_route=%2Fwp%2Fv2%2Fmedia&parent=345"}],"wp:term":[{"taxonomy":"product_brand","embeddable":true,"href":"https:\/\/promoalge.com.br\/index.php?rest_route=%2Fwp%2Fv2%2Fproduct_brand&post=345"},{"taxonomy":"product_cat","embeddable":true,"href":"https:\/\/promoalge.com.br\/index.php?rest_route=%2Fwp%2Fv2%2Fproduct_cat&post=345"},{"taxonomy":"product_tag","embeddable":true,"href":"https:\/\/promoalge.com.br\/index.php?rest_route=%2Fwp%2Fv2%2Fproduct_tag&post=345"}],"curies":[{"name":"wp","href":"https:\/\/api.w.org\/{rel}","templated":true}]}}