{"id":3457,"date":"2019-04-25T18:29:18","date_gmt":"2019-04-25T21:29:18","guid":{"rendered":"http:\/\/promoalge.com.br\/?post_type=product&#038;p=3457"},"modified":"2019-04-25T18:29:18","modified_gmt":"2019-04-25T21:29:18","slug":"copo-plastico-para-salada-pr53878","status":"publish","type":"product","link":"https:\/\/promoalge.com.br\/?product=copo-plastico-para-salada-pr53878","title":{"rendered":"Copo Pl\u00e1stico para Salada &#8211; PR53878"},"content":{"rendered":"","protected":false},"excerpt":{"rendered":"<p>Copo para salada com tampa produzido em pl\u00e1stico PP, incluso garfo e pote menor para molho, capacidade 850 ml, medidas \u00f8110 x 190 mm. Grava\u00e7\u00e3o serigrafia em 1 cor.<\/p>\n","protected":false},"featured_media":3459,"template":"","meta":[],"product_brand":[],"product_cat":[251,353],"product_tag":[],"class_list":{"0":"post-3457","1":"product","2":"type-product","3":"status-publish","4":"has-post-thumbnail","6":"product_cat-plastica-canecas-copos-garrafas","7":"product_cat-diversos","9":"first","10":"instock","11":"shipping-taxable","12":"product-type-simple"},"_links":{"self":[{"href":"https:\/\/promoalge.com.br\/index.php?rest_route=\/wp\/v2\/product\/3457","targetHints":{"allow":["GET"]}}],"collection":[{"href":"https:\/\/promoalge.com.br\/index.php?rest_route=\/wp\/v2\/product"}],"about":[{"href":"https:\/\/promoalge.com.br\/index.php?rest_route=\/wp\/v2\/types\/product"}],"wp:featuredmedia":[{"embeddable":true,"href":"https:\/\/promoalge.com.br\/index.php?rest_route=\/wp\/v2\/media\/3459"}],"wp:attachment":[{"href":"https:\/\/promoalge.com.br\/index.php?rest_route=%2Fwp%2Fv2%2Fmedia&parent=3457"}],"wp:term":[{"taxonomy":"product_brand","embeddable":true,"href":"https:\/\/promoalge.com.br\/index.php?rest_route=%2Fwp%2Fv2%2Fproduct_brand&post=3457"},{"taxonomy":"product_cat","embeddable":true,"href":"https:\/\/promoalge.com.br\/index.php?rest_route=%2Fwp%2Fv2%2Fproduct_cat&post=3457"},{"taxonomy":"product_tag","embeddable":true,"href":"https:\/\/promoalge.com.br\/index.php?rest_route=%2Fwp%2Fv2%2Fproduct_tag&post=3457"}],"curies":[{"name":"wp","href":"https:\/\/api.w.org\/{rel}","templated":true}]}}