{"id":347,"date":"2018-06-14T17:12:42","date_gmt":"2018-06-14T20:12:42","guid":{"rendered":"http:\/\/promoalge.com.br\/?product=import-placeholder-for-3984"},"modified":"2018-06-14T17:15:33","modified_gmt":"2018-06-14T20:15:33","slug":"copo-space-400-ml-prcpsc","status":"publish","type":"product","link":"https:\/\/promoalge.com.br\/?product=copo-space-400-ml-prcpsc","title":{"rendered":"Copo Space 400 ml &#8211; PRCPSC"},"content":{"rendered":"<p>&nbsp;<\/p>\n<p>Copo modelo Space\u00a0capacidade 400\u00a0ml, transparente ou colorido, Medidas: 8,5 cm de di\u00e2metro (boca), 5,8 cm de di\u00e2metro (base) e 14,2 cm de altura. Grava\u00e7\u00e3o serigrafia.<\/p>\n","protected":false},"excerpt":{"rendered":"<p>Copo modelo Space\u00a0capacidade 400\u00a0ml, transparente ou colorido, Medidas: 8,5 cm de di\u00e2metro (boca), 5,8 cm de di\u00e2metro (base) e 14,2 cm de altura. Grava\u00e7\u00e3o serigrafia.<\/p>\n","protected":false},"featured_media":412,"template":"","meta":[],"product_brand":[],"product_cat":[251],"product_tag":[],"class_list":{"0":"post-347","1":"product","2":"type-product","3":"status-publish","4":"has-post-thumbnail","6":"product_cat-plastica-canecas-copos-garrafas","8":"first","9":"instock","10":"shipping-taxable","11":"product-type-simple"},"_links":{"self":[{"href":"https:\/\/promoalge.com.br\/index.php?rest_route=\/wp\/v2\/product\/347","targetHints":{"allow":["GET"]}}],"collection":[{"href":"https:\/\/promoalge.com.br\/index.php?rest_route=\/wp\/v2\/product"}],"about":[{"href":"https:\/\/promoalge.com.br\/index.php?rest_route=\/wp\/v2\/types\/product"}],"wp:featuredmedia":[{"embeddable":true,"href":"https:\/\/promoalge.com.br\/index.php?rest_route=\/wp\/v2\/media\/412"}],"wp:attachment":[{"href":"https:\/\/promoalge.com.br\/index.php?rest_route=%2Fwp%2Fv2%2Fmedia&parent=347"}],"wp:term":[{"taxonomy":"product_brand","embeddable":true,"href":"https:\/\/promoalge.com.br\/index.php?rest_route=%2Fwp%2Fv2%2Fproduct_brand&post=347"},{"taxonomy":"product_cat","embeddable":true,"href":"https:\/\/promoalge.com.br\/index.php?rest_route=%2Fwp%2Fv2%2Fproduct_cat&post=347"},{"taxonomy":"product_tag","embeddable":true,"href":"https:\/\/promoalge.com.br\/index.php?rest_route=%2Fwp%2Fv2%2Fproduct_tag&post=347"}],"curies":[{"name":"wp","href":"https:\/\/api.w.org\/{rel}","templated":true}]}}