{"id":3492,"date":"2019-04-26T10:11:05","date_gmt":"2019-04-26T13:11:05","guid":{"rendered":"http:\/\/promoalge.com.br\/?post_type=product&#038;p=3492"},"modified":"2019-04-26T10:11:05","modified_gmt":"2019-04-26T13:11:05","slug":"conjunto-de-caneta-e-lapiseira-pr91846","status":"publish","type":"product","link":"https:\/\/promoalge.com.br\/?product=conjunto-de-caneta-e-lapiseira-pr91846","title":{"rendered":"Conjunto de Caneta e Lapiseira &#8211; PR91846"},"content":{"rendered":"","protected":false},"excerpt":{"rendered":"<p>Conjunto de caneta esferogr\u00e1fica e lapiseira com corpo em material reciclado, clipe e ponteira de pl\u00e1stico. Lapiseira: grafite 0.5. Estojo produzido em papel em cart\u00e3o. Grava\u00e7\u00e3o serigrafia em 1 cor.<\/p>\n","protected":false},"featured_media":3494,"template":"","meta":[],"product_brand":[],"product_cat":[407,321],"product_tag":[],"class_list":{"0":"post-3492","1":"product","2":"type-product","3":"status-publish","4":"has-post-thumbnail","6":"product_cat-conjuntos","7":"product_cat-linha-ecologica","9":"first","10":"instock","11":"shipping-taxable","12":"product-type-simple"},"_links":{"self":[{"href":"https:\/\/promoalge.com.br\/index.php?rest_route=\/wp\/v2\/product\/3492","targetHints":{"allow":["GET"]}}],"collection":[{"href":"https:\/\/promoalge.com.br\/index.php?rest_route=\/wp\/v2\/product"}],"about":[{"href":"https:\/\/promoalge.com.br\/index.php?rest_route=\/wp\/v2\/types\/product"}],"wp:featuredmedia":[{"embeddable":true,"href":"https:\/\/promoalge.com.br\/index.php?rest_route=\/wp\/v2\/media\/3494"}],"wp:attachment":[{"href":"https:\/\/promoalge.com.br\/index.php?rest_route=%2Fwp%2Fv2%2Fmedia&parent=3492"}],"wp:term":[{"taxonomy":"product_brand","embeddable":true,"href":"https:\/\/promoalge.com.br\/index.php?rest_route=%2Fwp%2Fv2%2Fproduct_brand&post=3492"},{"taxonomy":"product_cat","embeddable":true,"href":"https:\/\/promoalge.com.br\/index.php?rest_route=%2Fwp%2Fv2%2Fproduct_cat&post=3492"},{"taxonomy":"product_tag","embeddable":true,"href":"https:\/\/promoalge.com.br\/index.php?rest_route=%2Fwp%2Fv2%2Fproduct_tag&post=3492"}],"curies":[{"name":"wp","href":"https:\/\/api.w.org\/{rel}","templated":true}]}}