{"id":353,"date":"2018-06-14T17:13:05","date_gmt":"2018-06-14T20:13:05","guid":{"rendered":"http:\/\/promoalge.com.br\/?product=import-placeholder-for-3986"},"modified":"2018-06-14T17:15:38","modified_gmt":"2018-06-14T20:15:38","slug":"copo-pixel-400-ml-prcppx","status":"publish","type":"product","link":"https:\/\/promoalge.com.br\/?product=copo-pixel-400-ml-prcppx","title":{"rendered":"Copo Pixel 400 ml &#8211; PRCPPX"},"content":{"rendered":"<p>Copo modelo pixel\u00a0capacidade 400 ml transparente ou colorido. Medidas: 8 cm de di\u00e2metro (boca), 6 cm de di\u00e2metro (base) e 15 cm de altura. Grava\u00e7\u00e3o serigrafia.<\/p>\n","protected":false},"excerpt":{"rendered":"<p>Copo modelo pixel\u00a0capacidade 400 ml transparente ou colorido. Medidas: 8 cm de di\u00e2metro (boca), 6 cm de di\u00e2metro (base) e 15 cm de altura. Grava\u00e7\u00e3o serigrafia.<\/p>\n","protected":false},"featured_media":418,"template":"","meta":[],"product_brand":[],"product_cat":[251],"product_tag":[],"class_list":{"0":"post-353","1":"product","2":"type-product","3":"status-publish","4":"has-post-thumbnail","6":"product_cat-plastica-canecas-copos-garrafas","8":"first","9":"instock","10":"shipping-taxable","11":"product-type-simple"},"_links":{"self":[{"href":"https:\/\/promoalge.com.br\/index.php?rest_route=\/wp\/v2\/product\/353","targetHints":{"allow":["GET"]}}],"collection":[{"href":"https:\/\/promoalge.com.br\/index.php?rest_route=\/wp\/v2\/product"}],"about":[{"href":"https:\/\/promoalge.com.br\/index.php?rest_route=\/wp\/v2\/types\/product"}],"wp:featuredmedia":[{"embeddable":true,"href":"https:\/\/promoalge.com.br\/index.php?rest_route=\/wp\/v2\/media\/418"}],"wp:attachment":[{"href":"https:\/\/promoalge.com.br\/index.php?rest_route=%2Fwp%2Fv2%2Fmedia&parent=353"}],"wp:term":[{"taxonomy":"product_brand","embeddable":true,"href":"https:\/\/promoalge.com.br\/index.php?rest_route=%2Fwp%2Fv2%2Fproduct_brand&post=353"},{"taxonomy":"product_cat","embeddable":true,"href":"https:\/\/promoalge.com.br\/index.php?rest_route=%2Fwp%2Fv2%2Fproduct_cat&post=353"},{"taxonomy":"product_tag","embeddable":true,"href":"https:\/\/promoalge.com.br\/index.php?rest_route=%2Fwp%2Fv2%2Fproduct_tag&post=353"}],"curies":[{"name":"wp","href":"https:\/\/api.w.org\/{rel}","templated":true}]}}