{"id":3538,"date":"2019-05-02T13:13:43","date_gmt":"2019-05-02T16:13:43","guid":{"rendered":"http:\/\/promoalge.com.br\/?post_type=product&#038;p=3538"},"modified":"2019-05-02T13:13:43","modified_gmt":"2019-05-02T16:13:43","slug":"squeeze-plastica-600-ml-prga4400","status":"publish","type":"product","link":"https:\/\/promoalge.com.br\/?product=squeeze-plastica-600-ml-prga4400","title":{"rendered":"Squeeze Pl\u00e1stica 600 ml &#8211; PRGA4400"},"content":{"rendered":"","protected":false},"excerpt":{"rendered":"<p>Garrafa pl\u00e1stica 600ml fum\u00ea transparente com tampa rosque\u00e1vel, bico de canudo colorido e tr\u00eas linhas em relevo na parte inferior, medidas  Altura :  24,5 cm x Largura :  7 cm x Circunfer\u00eancia :  21,4 cm. Grava\u00e7\u00e3o serigrafia em 1 cor.<\/p>\n","protected":false},"featured_media":3545,"template":"","meta":[],"product_brand":[],"product_cat":[251],"product_tag":[],"class_list":{"0":"post-3538","1":"product","2":"type-product","3":"status-publish","4":"has-post-thumbnail","6":"product_cat-plastica-canecas-copos-garrafas","8":"first","9":"instock","10":"shipping-taxable","11":"product-type-simple"},"_links":{"self":[{"href":"https:\/\/promoalge.com.br\/index.php?rest_route=\/wp\/v2\/product\/3538","targetHints":{"allow":["GET"]}}],"collection":[{"href":"https:\/\/promoalge.com.br\/index.php?rest_route=\/wp\/v2\/product"}],"about":[{"href":"https:\/\/promoalge.com.br\/index.php?rest_route=\/wp\/v2\/types\/product"}],"wp:featuredmedia":[{"embeddable":true,"href":"https:\/\/promoalge.com.br\/index.php?rest_route=\/wp\/v2\/media\/3545"}],"wp:attachment":[{"href":"https:\/\/promoalge.com.br\/index.php?rest_route=%2Fwp%2Fv2%2Fmedia&parent=3538"}],"wp:term":[{"taxonomy":"product_brand","embeddable":true,"href":"https:\/\/promoalge.com.br\/index.php?rest_route=%2Fwp%2Fv2%2Fproduct_brand&post=3538"},{"taxonomy":"product_cat","embeddable":true,"href":"https:\/\/promoalge.com.br\/index.php?rest_route=%2Fwp%2Fv2%2Fproduct_cat&post=3538"},{"taxonomy":"product_tag","embeddable":true,"href":"https:\/\/promoalge.com.br\/index.php?rest_route=%2Fwp%2Fv2%2Fproduct_tag&post=3538"}],"curies":[{"name":"wp","href":"https:\/\/api.w.org\/{rel}","templated":true}]}}