{"id":3553,"date":"2019-05-09T16:21:57","date_gmt":"2019-05-09T19:21:57","guid":{"rendered":"http:\/\/promoalge.com.br\/?post_type=product&#038;p=3553"},"modified":"2019-07-24T17:29:16","modified_gmt":"2019-07-24T20:29:16","slug":"kit-pizza-prktpiz","status":"publish","type":"product","link":"https:\/\/promoalge.com.br\/?product=kit-pizza-prktpiz","title":{"rendered":"Kit Pizza &#8211; PRKTPIZ"},"content":{"rendered":"","protected":false},"excerpt":{"rendered":"<p>Kit pizza incluso : T\u00e1bua redonda produzida em madeira com 35 cm di\u00e2metro , e 2,0 cm espessura, &#038; cortador de pizza em metal, medidas: 6 x 22 cm. Incluso Grava\u00e7\u00e3o a laser nos dois itens.<\/p>\n","protected":false},"featured_media":3554,"template":"","meta":[],"product_brand":[],"product_cat":[49],"product_tag":[],"class_list":{"0":"post-3553","1":"product","2":"type-product","3":"status-publish","4":"has-post-thumbnail","6":"product_cat-bar-queijo-vinhos","8":"first","9":"instock","10":"shipping-taxable","11":"product-type-simple"},"_links":{"self":[{"href":"https:\/\/promoalge.com.br\/index.php?rest_route=\/wp\/v2\/product\/3553","targetHints":{"allow":["GET"]}}],"collection":[{"href":"https:\/\/promoalge.com.br\/index.php?rest_route=\/wp\/v2\/product"}],"about":[{"href":"https:\/\/promoalge.com.br\/index.php?rest_route=\/wp\/v2\/types\/product"}],"wp:featuredmedia":[{"embeddable":true,"href":"https:\/\/promoalge.com.br\/index.php?rest_route=\/wp\/v2\/media\/3554"}],"wp:attachment":[{"href":"https:\/\/promoalge.com.br\/index.php?rest_route=%2Fwp%2Fv2%2Fmedia&parent=3553"}],"wp:term":[{"taxonomy":"product_brand","embeddable":true,"href":"https:\/\/promoalge.com.br\/index.php?rest_route=%2Fwp%2Fv2%2Fproduct_brand&post=3553"},{"taxonomy":"product_cat","embeddable":true,"href":"https:\/\/promoalge.com.br\/index.php?rest_route=%2Fwp%2Fv2%2Fproduct_cat&post=3553"},{"taxonomy":"product_tag","embeddable":true,"href":"https:\/\/promoalge.com.br\/index.php?rest_route=%2Fwp%2Fv2%2Fproduct_tag&post=3553"}],"curies":[{"name":"wp","href":"https:\/\/api.w.org\/{rel}","templated":true}]}}